{"id":172,"date":"2021-05-27T16:18:57","date_gmt":"2021-05-27T14:18:57","guid":{"rendered":"http:\/\/cste.be\/msg\/new\/?page_id=172"},"modified":"2025-11-03T11:53:23","modified_gmt":"2025-11-03T10:53:23","slug":"contacts","status":"publish","type":"page","link":"https:\/\/cste.be\/msg\/contacts\/","title":{"rendered":"Contacts"},"content":{"rendered":"<div class=\"wpb-content-wrapper\"><p>[vc_row][vc_column][vc_empty_space height=\u00a0\u00bb80px\u00a0\u00bb][vc_custom_heading text=\u00a0\u00bbCOMMENT NOUS JOINDRE ?\u00a0\u00bb font_container=\u00a0\u00bbtag:h3|text_align:center\u00a0\u00bb use_theme_fonts=\u00a0\u00bbyes\u00a0\u00bb][vc_empty_space height=\u00a0\u00bb60px\u00a0\u00bb][vc_column_text]<\/p>\n<h4>Coll\u00e8ge des Hayeffes<\/h4>\n<p>rue des Hayeffes, 35<br \/>\n1435 Mont-Saint-Guibert<br \/>\nt\u00e9l : 010\/65.89.69<br \/>\ne-mail : <a href=\"mailto:accueil.msg@csteh.be\">accueil.msg@csteh.be<\/a><\/p>\n<p><strong>Heures d\u2019ouverture<\/strong> : Tous les jours de 8h \u00e0 17h, except\u00e9 le mercredi de 8h \u00e0 13h.<br \/>\n<strong>Horaire des cours<\/strong>&nbsp;: tous les jours de 8h30 \u00e0 16h25 sauf le mercredi de 8h30 \u00e0 12h05.<br \/>\n<strong>Etude surveill\u00e9e<\/strong> : de 15h35 \u00e0 16h45 (mercredi jusque 13h00)[\/vc_column_text][\/vc_column][\/vc_row][vc_row][vc_column][vc_empty_space height=\u00a0\u00bb80px\u00a0\u00bb][vc_custom_heading text=\u00a0\u00bbLA TEAM ADMINISTRATIVE\u00a0\u00bb font_container=\u00a0\u00bbtag:h3|text_align:center\u00a0\u00bb use_theme_fonts=\u00a0\u00bbyes\u00a0\u00bb][vc_empty_space height=\u00a0\u00bb60px\u00a0\u00bb][\/vc_column][\/vc_row][vc_row full_width=\u00a0\u00bbstretch_row_content\u00a0\u00bb equal_height=\u00a0\u00bbyes\u00a0\u00bb bg_type=\u00a0\u00bbimage\u00a0\u00bb parallax_style=\u00a0\u00bbvcpb-default\u00a0\u00bb bg_image_repeat=\u00a0\u00bbno-repeat\u00a0\u00bb bg_img_attach=\u00a0\u00bbfixed\u00a0\u00bb bg_override=\u00a0\u00bbfull\u00a0\u00bb animation_type=\u00a0\u00bbh\u00a0\u00bb horizontal_animation=\u00a0\u00bbleft-animation\u00a0\u00bb vertical_animation=\u00a0\u00bbtop-animation\u00a0\u00bb disable_on_mobile=\u00a0\u00bbdisable_on_mobile_value\u00a0\u00bb el_class=\u00a0\u00bbteam-boxes-style\u00a0\u00bb][vc_column width=\u00a0\u00bb1\/4&Prime; css=\u00a0\u00bb.vc_custom_1696595785860{background-position: center !important;background-repeat: no-repeat !important;background-size: cover !important;}\u00a0\u00bb offset=\u00a0\u00bbvc_hidden-xs\u00a0\u00bb][vc_single_image image=\u00a0\u00bb2891&Prime; img_size=\u00a0\u00bblarge\u00a0\u00bb alignment=\u00a0\u00bbcenter\u00a0\u00bb][\/vc_column][vc_column width=\u00a0\u00bb1\/4&Prime; css=\u00a0\u00bb.vc_custom_1622202308921{padding-top: 40px !important;padding-right: 40px !important;padding-bottom: 40px !important;padding-left: 40px !important;background-color: #ff4600 !important;}\u00a0\u00bb][vc_icon icon_fontawesome=\u00a0\u00bbfas fa-play\u00a0\u00bb color=\u00a0\u00bbcustom\u00a0\u00bb size=\u00a0\u00bblg\u00a0\u00bb custom_color=\u00a0\u00bb#ff4600&Prime; el_class=\u00a0\u00bbicon-absolute-boxes\u00a0\u00bb][vc_column_text el_class=\u00a0\u00bbmake-p-small\u00a0\u00bb]<\/p>\n<h3 style=\"text-align: left;\"><span style=\"color: #ffffff;\">AUDREY SOREL<br \/>\n<\/span><\/h3>\n<h6 style=\"text-align: left;\"><span style=\"color: #333333;\">DIRECTRICE<\/span><\/h6>\n<p>[\/vc_column_text][vc_empty_space height=\u00a0\u00bb20px\u00a0\u00bb][vc_column_text el_class=\u00a0\u00bbmake-p-small\u00a0\u00bb]<span style=\"color: #ffffff;\">Ancien professeur de Fran\u00e7ais, Madame Sorel est Directrice du Coll\u00e8ge depuis ao\u00fbt 2023.&nbsp;<\/span><br \/>\n<a style=\"color: white; text-decoration: underline;\" href=\"mailto:audrey.sorel@csteh.be\"><br \/>\naudrey.sorel@csteh.be<br \/>\n<\/a>[\/vc_column_text][vc_empty_space height=\u00a0\u00bb20px\u00a0\u00bb][\/vc_column][vc_column width=\u00a0\u00bb1\/4&Prime; css=\u00a0\u00bb.vc_custom_1696594169134{background-position: center !important;background-repeat: no-repeat !important;background-size: cover !important;}\u00a0\u00bb offset=\u00a0\u00bbvc_hidden-xs\u00a0\u00bb][vc_single_image image=\u00a0\u00bb2893&Prime; img_size=\u00a0\u00bblarge\u00a0\u00bb alignment=\u00a0\u00bbcenter\u00a0\u00bb][\/vc_column][vc_column width=\u00a0\u00bb1\/4&Prime; css=\u00a0\u00bb.vc_custom_1622202413743{padding-top: 40px !important;padding-right: 40px !important;padding-bottom: 40px !important;padding-left: 40px !important;background-color: #ffc400 !important;}\u00a0\u00bb][vc_icon icon_fontawesome=\u00a0\u00bbfas fa-play\u00a0\u00bb color=\u00a0\u00bbcustom\u00a0\u00bb size=\u00a0\u00bblg\u00a0\u00bb align=\u00a0\u00bbright\u00a0\u00bb custom_color=\u00a0\u00bb#ffc400&Prime; el_class=\u00a0\u00bbicon-absolute-boxes\u00a0\u00bb][vc_column_text el_class=\u00a0\u00bbmake-p-small\u00a0\u00bb]<\/p>\n<h3 style=\"text-align: left;\"><span style=\"color: #ffffff;\">AXELLE GALAND<\/span><\/h3>\n<h6 style=\"text-align: left;\"><span style=\"color: #333333;\">DIRECTRICE ADJOINTE<\/span><\/h6>\n<p>[\/vc_column_text][vc_empty_space height=\u00a0\u00bb20px\u00a0\u00bb][vc_column_text el_class=\u00a0\u00bbmake-p-small\u00a0\u00bb]<span style=\"color: #ffffff;\">A \u00e9t\u00e9 professeur de sciences \u00e9conomiques et de droit. En charge plus sp\u00e9cifiquement du Premier degr\u00e9, des accompagnements p\u00e9dagogiques sp\u00e9cifiques (PIA, int\u00e9gration, troubles de l\u2019apprentissage, \u2026).<br \/>\n<\/span><br \/>\n<a style=\"color: white; text-decoration: underline;\" href=\"mailto:axelle.galand@csteh.be\"><br \/>\naxelle.galand@csteh.be<br \/>\n<\/a>[\/vc_column_text][vc_empty_space height=\u00a0\u00bb20px\u00a0\u00bb][\/vc_column][\/vc_row][vc_row full_width=\u00a0\u00bbstretch_row_content\u00a0\u00bb equal_height=\u00a0\u00bbyes\u00a0\u00bb content_placement=\u00a0\u00bbtop\u00a0\u00bb bg_type=\u00a0\u00bbimage\u00a0\u00bb parallax_style=\u00a0\u00bbvcpb-default\u00a0\u00bb bg_image_repeat=\u00a0\u00bbno-repeat\u00a0\u00bb bg_img_attach=\u00a0\u00bbfixed\u00a0\u00bb bg_override=\u00a0\u00bbfull\u00a0\u00bb animation_type=\u00a0\u00bbh\u00a0\u00bb horizontal_animation=\u00a0\u00bbleft-animation\u00a0\u00bb vertical_animation=\u00a0\u00bbtop-animation\u00a0\u00bb disable_on_mobile=\u00a0\u00bbdisable_on_mobile_value\u00a0\u00bb el_class=\u00a0\u00bbteam-boxes-style\u00a0\u00bb][vc_column width=\u00a0\u00bb1\/4&Prime; css=\u00a0\u00bb.vc_custom_1622202468697{padding-top: 40px !important;padding-right: 40px !important;padding-bottom: 40px !important;padding-left: 40px !important;background-color: #ff9b03 !important;}\u00a0\u00bb][vc_icon icon_fontawesome=\u00a0\u00bbfas fa-play\u00a0\u00bb color=\u00a0\u00bbcustom\u00a0\u00bb size=\u00a0\u00bblg\u00a0\u00bb align=\u00a0\u00bbright\u00a0\u00bb custom_color=\u00a0\u00bb#ff9b03&Prime; el_class=\u00a0\u00bbicon-absolute-boxes-right\u00a0\u00bb][vc_column_text el_class=\u00a0\u00bbmake-p-small\u00a0\u00bb]<\/p>\n<h3 style=\"text-align: left;\"><span style=\"color: #ffffff;\">ISABELLE STREEL<\/span><\/h3>\n<h6 style=\"text-align: left;\"><span style=\"color: #333333;\">SECR\u00c9TARIAT DE DIRECTION<\/span><\/h6>\n<p>[\/vc_column_text][vc_empty_space height=\u00a0\u00bb20px\u00a0\u00bb][vc_column_text el_class=\u00a0\u00bbmake-p-small\u00a0\u00bb]<span style=\"color: #ffffff;\">Secr\u00e9taire de Direction, en charge des dossiers des membres du personnel et des \u00e9l\u00e8ves.<\/span><br \/>\n<a style=\"color: white; text-decoration: underline;\" href=\"mailto:isabelle.streel@csteh.be\"><br \/>\nisabelle.streel@csteh.be<br \/>\n<\/a>[\/vc_column_text][vc_empty_space height=\u00a0\u00bb20px\u00a0\u00bb][\/vc_column][vc_column width=\u00a0\u00bb1\/4&Prime; css=\u00a0\u00bb.vc_custom_1630308159197{padding-top: 110px !important;padding-bottom: 110px !important;background-image: url(https:\/\/cste.be\/msg\/wp-content\/uploads\/2021\/08\/isabelle.jpg?id=613) !important;background-position: center !important;background-repeat: no-repeat !important;background-size: cover !important;}\u00a0\u00bb offset=\u00a0\u00bbvc_hidden-xs\u00a0\u00bb][\/vc_column][vc_column width=\u00a0\u00bb1\/4&Prime; css=\u00a0\u00bb.vc_custom_1622202521837{padding-top: 40px !important;padding-right: 40px !important;padding-bottom: 40px !important;padding-left: 40px !important;background-color: #da0030 !important;}\u00a0\u00bb][vc_icon icon_fontawesome=\u00a0\u00bbfas fa-play\u00a0\u00bb color=\u00a0\u00bbcustom\u00a0\u00bb size=\u00a0\u00bblg\u00a0\u00bb custom_color=\u00a0\u00bb#da0030&Prime; el_class=\u00a0\u00bbicon-absolute-boxes-right\u00a0\u00bb][vc_column_text el_class=\u00a0\u00bbmake-p-small\u00a0\u00bb]<\/p>\n<h3 style=\"text-align: left;\"><span style=\"color: #ffffff;\">MARIE KERREMANS<\/span><\/h3>\n<h6 style=\"text-align: left;\"><span style=\"color: #333333;\">SECR\u00c9TARIAT DES \u00c9L\u00c8VES &amp; \u00c9DUCATRICE<\/span><\/h6>\n<p>[\/vc_column_text][vc_empty_space height=\u00a0\u00bb20px\u00a0\u00bb][vc_column_text el_class=\u00a0\u00bbmake-p-small\u00a0\u00bb]<span style=\"color: #ffffff;\">L\u2019une des premi\u00e8res dipl\u00f4m\u00e9es du Coll\u00e8ge des Hayeffes. Educatrice au D3, en charge des dossiers administratifs des \u00e9l\u00e8ves, de l\u2019accueil et de bien d\u2019autres choses encore\u2026<\/span><br \/>\n<a style=\"color: white; text-decoration: underline;\" href=\"mailto:accueil.msg@csteh.be\"><br \/>\naccueil.msg@csteh.be<br \/>\n<\/a>[\/vc_column_text][vc_empty_space height=\u00a0\u00bb20px\u00a0\u00bb][\/vc_column][vc_column width=\u00a0\u00bb1\/4&Prime; css=\u00a0\u00bb.vc_custom_1630308177673{padding-top: 110px !important;padding-bottom: 110px !important;background-image: url(https:\/\/cste.be\/msg\/wp-content\/uploads\/2021\/08\/marie.jpg?id=611) !important;background-position: center !important;background-repeat: no-repeat !important;background-size: cover !important;}\u00a0\u00bb offset=\u00a0\u00bbvc_hidden-xs\u00a0\u00bb][\/vc_column][\/vc_row][vc_row full_width=\u00a0\u00bbstretch_row_content\u00a0\u00bb equal_height=\u00a0\u00bbyes\u00a0\u00bb bg_type=\u00a0\u00bbimage\u00a0\u00bb parallax_style=\u00a0\u00bbvcpb-default\u00a0\u00bb bg_image_repeat=\u00a0\u00bbno-repeat\u00a0\u00bb bg_img_attach=\u00a0\u00bbfixed\u00a0\u00bb bg_override=\u00a0\u00bbfull\u00a0\u00bb animation_type=\u00a0\u00bbh\u00a0\u00bb horizontal_animation=\u00a0\u00bbleft-animation\u00a0\u00bb vertical_animation=\u00a0\u00bbtop-animation\u00a0\u00bb disable_on_mobile=\u00a0\u00bbdisable_on_mobile_value\u00a0\u00bb el_class=\u00a0\u00bbteam-boxes-style\u00a0\u00bb][vc_column width=\u00a0\u00bb1\/4&Prime; css=\u00a0\u00bb.vc_custom_1630308204988{padding-top: 110px !important;padding-bottom: 110px !important;background-image: url(https:\/\/cste.be\/msg\/wp-content\/uploads\/2021\/08\/yoann.jpg?id=609) !important;background-position: center !important;background-repeat: no-repeat !important;background-size: cover !important;}\u00a0\u00bb offset=\u00a0\u00bbvc_hidden-xs\u00a0\u00bb][\/vc_column][vc_column width=\u00a0\u00bb1\/4&Prime; css=\u00a0\u00bb.vc_custom_1622202308921{padding-top: 40px !important;padding-right: 40px !important;padding-bottom: 40px !important;padding-left: 40px !important;background-color: #ff4600 !important;}\u00a0\u00bb][vc_icon icon_fontawesome=\u00a0\u00bbfas fa-play\u00a0\u00bb color=\u00a0\u00bbcustom\u00a0\u00bb size=\u00a0\u00bblg\u00a0\u00bb custom_color=\u00a0\u00bb#ff4600&Prime; el_class=\u00a0\u00bbicon-absolute-boxes\u00a0\u00bb][vc_column_text el_class=\u00a0\u00bbmake-p-small\u00a0\u00bb]<\/p>\n<h3 style=\"text-align: left;\"><span style=\"color: #ffffff;\">YOANN CALLUT<\/span><\/h3>\n<h6 style=\"text-align: left;\"><span style=\"color: #333333;\">EDUCATEUR ECONOME<\/span><\/h6>\n<p>[\/vc_column_text][vc_empty_space height=\u00a0\u00bb20px\u00a0\u00bb][vc_column_text el_class=\u00a0\u00bbmake-p-small\u00a0\u00bb]<span style=\"color: #ffffff;\">Assistant social de formation et ancien pr\u00e9fet d\u2019\u00e9ducation. En charge des questions de comptabilit\u00e9, de logistique, des manuels scolaires Rent-A-Book, voyage d\u2019\u00e9tude \u00e0 Saint-L\u00e9ger, \u2026 Il est aussi le Conseiller en pr\u00e9vention du Coll\u00e8ge.<\/span><br \/>\n<a style=\"color: white; text-decoration: underline;\" href=\"mailto:yoann.callut@csteh.be\"><br \/>\nyoann.callut@csteh.be<br \/>\n<\/a>[\/vc_column_text][vc_empty_space height=\u00a0\u00bb20px\u00a0\u00bb][\/vc_column][vc_column width=\u00a0\u00bb1\/4&Prime; css=\u00a0\u00bb.vc_custom_1737456847954{padding-top: 110px !important;padding-bottom: 110px !important;background-image: url(https:\/\/cste.be\/msg\/wp-content\/uploads\/2025\/01\/Rachid2.jpg?id=3417) !important;background-position: center !important;background-repeat: no-repeat !important;background-size: cover !important;}\u00a0\u00bb offset=\u00a0\u00bbvc_hidden-xs\u00a0\u00bb][\/vc_column][vc_column width=\u00a0\u00bb1\/4&Prime; css=\u00a0\u00bb.vc_custom_1622202413743{padding-top: 40px !important;padding-right: 40px !important;padding-bottom: 40px !important;padding-left: 40px !important;background-color: #ffc400 !important;}\u00a0\u00bb][vc_icon icon_fontawesome=\u00a0\u00bbfas fa-play\u00a0\u00bb color=\u00a0\u00bbcustom\u00a0\u00bb size=\u00a0\u00bblg\u00a0\u00bb align=\u00a0\u00bbright\u00a0\u00bb custom_color=\u00a0\u00bb#ffc400&Prime; el_class=\u00a0\u00bbicon-absolute-boxes\u00a0\u00bb][vc_column_text el_class=\u00a0\u00bbmake-p-small\u00a0\u00bb]<\/p>\n<h3 style=\"text-align: left;\"><span style=\"color: #ffffff;\">RACHID HARROU<\/span><\/h3>\n<h6 style=\"text-align: left;\"><span style=\"color: #333333;\">PR\u00c9FET D&rsquo;\u00c9DUCATION<\/span><\/h6>\n<p>[\/vc_column_text][vc_empty_space height=\u00a0\u00bb20px\u00a0\u00bb][vc_column_text el_class=\u00a0\u00bbmake-p-small\u00a0\u00bb]<span style=\"color: #ffffff;\">Pr\u00e9fet d\u2019\u00e9ducation et \u00e9ducateur r\u00e9f\u00e9rent des 3GT. En charge des questions de discipline et de la coordination de l\u2019\u00e9quipe \u00e9ducative.<\/span><br \/>\n<a style=\"color: white; text-decoration: underline;\" href=\"mailto:rachid.harrou@csteh.be\"><br \/>\nrachid.harrou@csteh.be<br \/>\n<\/a>[\/vc_column_text][vc_empty_space height=\u00a0\u00bb20px\u00a0\u00bb][\/vc_column][\/vc_row][vc_row full_width=\u00a0\u00bbstretch_row_content\u00a0\u00bb equal_height=\u00a0\u00bbyes\u00a0\u00bb content_placement=\u00a0\u00bbtop\u00a0\u00bb bg_type=\u00a0\u00bbimage\u00a0\u00bb parallax_style=\u00a0\u00bbvcpb-default\u00a0\u00bb bg_image_repeat=\u00a0\u00bbno-repeat\u00a0\u00bb bg_img_attach=\u00a0\u00bbfixed\u00a0\u00bb bg_override=\u00a0\u00bbfull\u00a0\u00bb animation_type=\u00a0\u00bbh\u00a0\u00bb horizontal_animation=\u00a0\u00bbleft-animation\u00a0\u00bb vertical_animation=\u00a0\u00bbtop-animation\u00a0\u00bb disable_on_mobile=\u00a0\u00bbdisable_on_mobile_value\u00a0\u00bb el_class=\u00a0\u00bbteam-boxes-style\u00a0\u00bb][vc_column width=\u00a0\u00bb1\/4&Prime; css=\u00a0\u00bb.vc_custom_1622202468697{padding-top: 40px !important;padding-right: 40px !important;padding-bottom: 40px !important;padding-left: 40px !important;background-color: #ff9b03 !important;}\u00a0\u00bb][vc_icon icon_fontawesome=\u00a0\u00bbfas fa-play\u00a0\u00bb color=\u00a0\u00bbcustom\u00a0\u00bb size=\u00a0\u00bblg\u00a0\u00bb align=\u00a0\u00bbright\u00a0\u00bb custom_color=\u00a0\u00bb#ff9b03&Prime; el_class=\u00a0\u00bbicon-absolute-boxes-right\u00a0\u00bb][vc_column_text el_class=\u00a0\u00bbmake-p-small\u00a0\u00bb]<\/p>\n<h3 style=\"text-align: left;\"><span style=\"color: #ffffff;\">BENJAMIN ISERENTANT<\/span><\/h3>\n<h6 style=\"text-align: left;\"><span style=\"color: #333333;\">PROFESSEUR ET RESPONSABLE INFORMATIQUE<\/span><\/h6>\n<p>[\/vc_column_text][vc_empty_space height=\u00a0\u00bb20px\u00a0\u00bb][vc_column_text el_class=\u00a0\u00bbmake-p-small\u00a0\u00bb]<span style=\"color: #ffffff;\">Gradu\u00e9 en Infographie et professeur d\u2019informatique. En charge du d\u00e9ploiement num\u00e9rique de l\u2019\u00e9cole, dont la plateforme SmartSchool, le hardware, le site internet, \u2026<\/span><br \/>\n<a style=\"color: white; text-decoration: underline;\" href=\"mailto:benjamin.iserentant@csteh.be\"><br \/>\nbenjamin.iserentant@csteh.be<br \/>\n<\/a>[\/vc_column_text][\/vc_column][vc_column width=\u00a0\u00bb1\/4&Prime; css=\u00a0\u00bb.vc_custom_1762167186089{background-image: url(https:\/\/cste.be\/msg\/wp-content\/uploads\/2021\/08\/benjamin.jpg?id=610) !important;background-position: center !important;background-repeat: no-repeat !important;background-size: cover !important;}\u00a0\u00bb offset=\u00a0\u00bbvc_hidden-xs\u00a0\u00bb][\/vc_column][vc_column width=\u00a0\u00bb1\/4&Prime; css=\u00a0\u00bb.vc_custom_1629808907511{padding-top: 40px !important;padding-right: 40px !important;padding-bottom: 40px !important;padding-left: 40px !important;}\u00a0\u00bb][vc_empty_space height=\u00a0\u00bb20px\u00a0\u00bb][\/vc_column][vc_column width=\u00a0\u00bb1\/4&Prime; css=\u00a0\u00bb.vc_custom_1629808900440{padding-top: 110px !important;padding-bottom: 110px !important;background-position: center !important;background-repeat: no-repeat !important;background-size: cover !important;}\u00a0\u00bb offset=\u00a0\u00bbvc_hidden-xs\u00a0\u00bb][\/vc_column][\/vc_row]<\/p>\n<\/div>","protected":false},"excerpt":{"rendered":"<p>[vc_row][vc_column][vc_empty_space height=\u00a0\u00bb80px\u00a0\u00bb][vc_custom_heading text=\u00a0\u00bbCOMMENT NOUS JOINDRE ?\u00a0\u00bb font_container=\u00a0\u00bbtag:h3|text_align:center\u00a0\u00bb use_theme_fonts=\u00a0\u00bbyes\u00a0\u00bb][vc_empty_space height=\u00a0\u00bb60px\u00a0\u00bb][vc_column_text] Coll\u00e8ge des Hayeffes rue des Hayeffes, 35 1435 Mont-Saint-Guibert t\u00e9l : 010\/65.89.69 e-mail : accueil.msg@csteh.be Heures d\u2019ouverture : Tous les jours de 8h \u00e0 17h, except\u00e9 le mercredi de 8h \u00e0 13h. Horaire des cours&nbsp;: tous les jours de 8h30 \u00e0 16h25 sauf le mercredi de [&hellip;]<\/p>\n","protected":false},"author":1,"featured_media":0,"parent":0,"menu_order":60,"comment_status":"closed","ping_status":"closed","template":"page.php","meta":{"ngg_post_thumbnail":0,"footnotes":""},"class_list":["post-172","page","type-page","status-publish","hentry"],"_links":{"self":[{"href":"https:\/\/cste.be\/msg\/wp-json\/wp\/v2\/pages\/172","targetHints":{"allow":["GET"]}}],"collection":[{"href":"https:\/\/cste.be\/msg\/wp-json\/wp\/v2\/pages"}],"about":[{"href":"https:\/\/cste.be\/msg\/wp-json\/wp\/v2\/types\/page"}],"author":[{"embeddable":true,"href":"https:\/\/cste.be\/msg\/wp-json\/wp\/v2\/users\/1"}],"replies":[{"embeddable":true,"href":"https:\/\/cste.be\/msg\/wp-json\/wp\/v2\/comments?post=172"}],"version-history":[{"count":165,"href":"https:\/\/cste.be\/msg\/wp-json\/wp\/v2\/pages\/172\/revisions"}],"predecessor-version":[{"id":3657,"href":"https:\/\/cste.be\/msg\/wp-json\/wp\/v2\/pages\/172\/revisions\/3657"}],"wp:attachment":[{"href":"https:\/\/cste.be\/msg\/wp-json\/wp\/v2\/media?parent=172"}],"curies":[{"name":"wp","href":"https:\/\/api.w.org\/{rel}","templated":true}]}}