{"id":2665,"date":"2023-03-06T15:59:26","date_gmt":"2023-03-06T14:59:26","guid":{"rendered":"https:\/\/cste.be\/msg\/?page_id=2665"},"modified":"2026-02-09T14:24:54","modified_gmt":"2026-02-09T13:24:54","slug":"3-degre","status":"publish","type":"page","link":"https:\/\/cste.be\/msg\/3-degre\/","title":{"rendered":"3\u00b0 degr\u00e9"},"content":{"rendered":"<div class=\"wpb-content-wrapper\"><p>[vc_row bg_type=\u00a0\u00bbimage\u00a0\u00bb parallax_style=\u00a0\u00bbvcpb-vz-jquery\u00a0\u00bb bg_image_new=\u00a0\u00bbid^380|url^https:\/\/cste.be\/msg\/new\/wp-content\/uploads\/2021\/05\/school-1974369_1920.jpg|caption^null|alt^null|title^school-1974369_1920|description^null\u00a0\u00bb bg_override=\u00a0\u00bbbrowser_size\u00a0\u00bb][vc_column][vc_empty_space height=\u00a0\u00bb20px\u00a0\u00bb][vc_custom_heading text=\u00a0\u00bbLE 3\u00e8me DEGR\u00c9\u00a0\u00bb font_container=\u00a0\u00bbtag:h1|text_align:center\u00a0\u00bb use_theme_fonts=\u00a0\u00bbyes\u00a0\u00bb css=\u00a0\u00bb.vc_custom_1678172579030{padding-top: 40px !important;padding-bottom: 40px !important;background-color: #ffffff !important;}\u00a0\u00bb][vc_empty_space height=\u00a0\u00bb40px\u00a0\u00bb][vc_column_text]<\/p>\n<table border=\"1\">\n<tbody>\n<tr>\n<th style=\"text-align: center;\">Formation commune obligatoire<\/th>\n<th style=\"text-align: center;\">Options Math et Sciences<\/th>\n<th style=\"text-align: center;\">Langue Moderne II<\/th>\n<th style=\"text-align: center;\">1 option au choix<br \/>\n<span style=\"color: orange;\">choix obligatoire<\/span><\/th>\n<th style=\"text-align: center;\">1 autre option au choix<\/th>\n<\/tr>\n<tr style=\"background-color: #f5f5f5;\">\n<td style=\"vertical-align: middle;\" rowspan=\"9\">Fran\u00e7ais 4h<br \/>\nReligion 2h<br \/>\nHistoire 2h<br \/>\nG\u00e9ographie 2h<br \/>\nEducation Physique 2h<br \/>\nLangue Moderne I<br \/>\n<i>Nl ou Uk<\/i> 4h<\/td>\n<td style=\"vertical-align: middle;\" rowspan=\"2\">Math 6h et Sciences 6h<\/td>\n<td style=\"vertical-align: middle;\">Langue Moderne II 4h<\/td>\n<td style=\"vertical-align: middle; background-color: grey;\">&nbsp;<\/td>\n<td style=\"vertical-align: middle;\">Transition 2h &#8211; Grec 2h &#8211; Fran\u00e7ais 2h &#8211; Math 2h &#8211; Info 2h &#8211; Espagnol 2h<\/td>\n<\/tr>\n<tr style=\"background-color: #f5f5f5;\">\n<td style=\"vertical-align: middle;\">Langue Moderne II 2h<\/td>\n<td style=\"vertical-align: middle; background-color: grey;\">&nbsp;<\/td>\n<td style=\"vertical-align: middle;\">Environnement et soci\u00e9t\u00e9 2h &#8211; Grec 2h &#8211; Fran\u00e7ais 2h &#8211; Math 2h &#8211; Info 2h &#8211; Espagnol 2h<\/td>\n<\/tr>\n<tr style=\"background-color: #f5f5f5;\">\n<td style=\"vertical-align: middle;\" rowspan=\"2\">Math 6h et Sciences 3h<\/td>\n<td style=\"vertical-align: middle;\">Langue Moderne II 4h<\/td>\n<td style=\"vertical-align: middle; border-color: orange; color: orange;\">Latin 4h &#8211; Artistique 4h &#8211; Allemand 4h<\/td>\n<td style=\"vertical-align: middle;\">Environnement et soci\u00e9t\u00e9 2h &#8211; Grec 2h &#8211; Fran\u00e7ais 2h &#8211; Math 2h &#8211; Info 2h &#8211; Espagnol 2h<\/td>\n<\/tr>\n<tr style=\"background-color: #f5f5f5;\">\n<td style=\"vertical-align: middle;\">Langue Moderne II 2h<\/td>\n<td style=\"vertical-align: middle;\">Latin 4h &#8211; Artistique 4h &#8211; Allemand 4h<\/td>\n<td style=\"vertical-align: middle;\">Environnement et soci\u00e9t\u00e9 2h &#8211; Grec 2h &#8211; Fran\u00e7ais 2h &#8211; Math 2h &#8211; Info 2h &#8211; Espagnol 2h<\/td>\n<\/tr>\n<tr style=\"background-color: #f5f5f5;\">\n<td style=\"vertical-align: middle;\" rowspan=\"2\">Math 4h et Sciences 6h<\/td>\n<td style=\"vertical-align: middle;\">Langue Moderne II 4h<\/td>\n<td style=\"vertical-align: middle;\">Latin 4h &#8211; Artistique 4h &#8211; Allemand 4h<\/td>\n<td style=\"vertical-align: middle;\">Environnement et soci\u00e9t\u00e9 2h &#8211; Grec 2h &#8211; Fran\u00e7ais 2h &#8211; Info 2h &#8211; Espagnol 2h<\/td>\n<\/tr>\n<tr style=\"background-color: #f5f5f5;\">\n<td style=\"vertical-align: middle;\">Langue Moderne II 2h<\/td>\n<td style=\"vertical-align: middle;\">Latin 4h &#8211; Artistique 4h &#8211; Allemand 4h<\/td>\n<td style=\"vertical-align: middle;\">Environnement et soci\u00e9t\u00e9 2h &#8211; Grec 2h &#8211; Fran\u00e7ais 2h &#8211; Info 2h &#8211; Espagnol 2h<\/td>\n<\/tr>\n<tr style=\"background-color: #f5f5f5;\">\n<td style=\"vertical-align: middle;\" rowspan=\"2\">Math 4h et Sciences 3h<\/td>\n<td style=\"vertical-align: middle;\">Langue Moderne II 4h<\/td>\n<td style=\"vertical-align: middle;\">Latin 4h &#8211; Artistique 4h &#8211; Allemand 4h<\/td>\n<td style=\"vertical-align: middle;\">Environnement et soci\u00e9t\u00e9 2h &#8211; Grec 2h &#8211; Fran\u00e7ais 2h &#8211; Info 2h &#8211; Espagnol 2h<\/td>\n<\/tr>\n<tr style=\"background-color: #f5f5f5;\">\n<td style=\"vertical-align: middle;\">Langue Moderne II 2h<\/td>\n<td style=\"vertical-align: middle; border-color: orange; color: orange;\">Latin 4h &#8211; Artistique 4h &#8211; Allemand 4h<\/td>\n<td style=\"vertical-align: middle;\">Environnement et soci\u00e9t\u00e9 2h &#8211; Grec 2h &#8211; Fran\u00e7ais 2h &#8211; Info 2h &#8211; Espagnol 2h<\/td>\n<\/tr>\n<tr style=\"background-color: #f5f5f5;\">\n<td style=\"vertical-align: middle;\">Math 2h et Sciences 3h<\/td>\n<td style=\"vertical-align: middle;\">Langue Moderne II 4h<\/td>\n<td style=\"vertical-align: middle; border-color: orange; color: orange;\">Latin 4h &#8211; Artistique 4h &#8211; Allemand 4h<\/td>\n<td style=\"vertical-align: middle;\">Environnement et soci\u00e9t\u00e9 2h &#8211; Grec 2h &#8211; Fran\u00e7ais 2h &#8211; Info 2h &#8211; Espagnol 2h<\/td>\n<\/tr>\n<\/tbody>\n<\/table>\n<p>[\/vc_column_text][vc_empty_space height=\u00a0\u00bb40px\u00a0\u00bb][\/vc_column][\/vc_row]<\/p>\n<\/div>","protected":false},"excerpt":{"rendered":"<p>[vc_row bg_type=\u00a0\u00bbimage\u00a0\u00bb parallax_style=\u00a0\u00bbvcpb-vz-jquery\u00a0\u00bb bg_image_new=\u00a0\u00bbid^380|url^https:\/\/cste.be\/msg\/new\/wp-content\/uploads\/2021\/05\/school-1974369_1920.jpg|caption^null|alt^null|title^school-1974369_1920|description^null\u00a0\u00bb bg_override=\u00a0\u00bbbrowser_size\u00a0\u00bb][vc_column][vc_empty_space height=\u00a0\u00bb20px\u00a0\u00bb][vc_custom_heading text=\u00a0\u00bbLE 3\u00e8me DEGR\u00c9\u00a0\u00bb font_container=\u00a0\u00bbtag:h1|text_align:center\u00a0\u00bb use_theme_fonts=\u00a0\u00bbyes\u00a0\u00bb css=\u00a0\u00bb.vc_custom_1678172579030{padding-top: 40px !important;padding-bottom: 40px !important;background-color: #ffffff !important;}\u00a0\u00bb][vc_empty_space height=\u00a0\u00bb40px\u00a0\u00bb][vc_column_text] Formation commune obligatoire Options Math et Sciences Langue Moderne II 1 option au choix choix obligatoire 1 autre option au choix Fran\u00e7ais 4h Religion 2h Histoire 2h G\u00e9ographie 2h Education Physique 2h Langue Moderne I Nl [&hellip;]<\/p>\n","protected":false},"author":1,"featured_media":0,"parent":0,"menu_order":41,"comment_status":"closed","ping_status":"closed","template":"page.php","meta":{"ngg_post_thumbnail":0,"footnotes":""},"class_list":["post-2665","page","type-page","status-publish","hentry"],"_links":{"self":[{"href":"https:\/\/cste.be\/msg\/wp-json\/wp\/v2\/pages\/2665","targetHints":{"allow":["GET"]}}],"collection":[{"href":"https:\/\/cste.be\/msg\/wp-json\/wp\/v2\/pages"}],"about":[{"href":"https:\/\/cste.be\/msg\/wp-json\/wp\/v2\/types\/page"}],"author":[{"embeddable":true,"href":"https:\/\/cste.be\/msg\/wp-json\/wp\/v2\/users\/1"}],"replies":[{"embeddable":true,"href":"https:\/\/cste.be\/msg\/wp-json\/wp\/v2\/comments?post=2665"}],"version-history":[{"count":30,"href":"https:\/\/cste.be\/msg\/wp-json\/wp\/v2\/pages\/2665\/revisions"}],"predecessor-version":[{"id":3696,"href":"https:\/\/cste.be\/msg\/wp-json\/wp\/v2\/pages\/2665\/revisions\/3696"}],"wp:attachment":[{"href":"https:\/\/cste.be\/msg\/wp-json\/wp\/v2\/media?parent=2665"}],"curies":[{"name":"wp","href":"https:\/\/api.w.org\/{rel}","templated":true}]}}