{"id":289,"date":"2021-05-31T08:28:16","date_gmt":"2021-05-31T06:28:16","guid":{"rendered":"http:\/\/cste.be\/msg\/new\/?page_id=289"},"modified":"2025-09-12T12:54:25","modified_gmt":"2025-09-12T10:54:25","slug":"historique-du-college","status":"publish","type":"page","link":"https:\/\/cste.be\/msg\/historique-du-college\/","title":{"rendered":"Partenaires"},"content":{"rendered":"<div class=\"wpb-content-wrapper\"><p>[vc_row][vc_column][vc_empty_space]<div id=\"ultimate-heading-41286a028a40a119f\" class=\"uvc-heading ult-adjust-bottom-margin ultimate-heading-41286a028a40a119f uvc-5954 \" data-hspacer=\"no_spacer\"  data-halign=\"center\" style=\"text-align:center\"><div class=\"uvc-heading-spacer no_spacer\" style=\"top\"><\/div><div class=\"uvc-main-heading ult-responsive\"  data-ultimate-target='.uvc-heading.ultimate-heading-41286a028a40a119f h2'  data-responsive-json-new='{\"font-size\":\"\",\"line-height\":\"\"}' ><h2 style=\"font-weight:normal;\">Partenaires du Coll\u00e8ge des Hayeffes<\/h2><\/div><\/div>[vc_empty_space][vc_tta_tour style=\u00a0\u00bbmodern\u00a0\u00bb color=\u00a0\u00bborange\u00a0\u00bb spacing=\u00a0\u00bb5&Prime; alignment=\u00a0\u00bbcenter\u00a0\u00bb active_section=\u00a0\u00bb1&Prime;][vc_tta_section title=\u00a0\u00bbAssociation des parents\u00a0\u00bb tab_id=\u00a0\u00bb1629795540915-987b3fa4-0bf6&Prime;][vc_column_text]<\/p>\n<h3>Association des parents<\/h3>\n<p>L\u2019association des parents du Coll\u00e8ge Saint-Etienne regroupe une \u00e9quipe dynamique de parents des deux implantations : le campus Saint-Etienne et le site des Hayeffes.<\/p>\n<p>Nous nous r\u00e9unissons environ toutes les 6 semaines, g\u00e9n\u00e9ralement en pr\u00e9sence de la Direction, en alternance dans la biblioth\u00e8que de Court-St-Etienne ou dans le parloir \u00e0 Mont-St-Guibert.<\/p>\n<p>Notre but ? Etre associ\u00e9e aux r\u00e9flexions relatives \u00e0 l\u2019organisation journali\u00e8re du Coll\u00e8ge et participer activement \u00e0 la vie de l\u2019\u00e9cole au travers d\u2019activit\u00e9s pour les parents et l\u2019\u00e9cole.<\/p>\n<p>C\u2019est ainsi que nous organisons : la vente de livres d\u2019occasion fin juin ou des conf\u00e9rences en cours d\u2019ann\u00e9e. Nous participons \u00e9galement aux activit\u00e9s festives organis\u00e9es par l\u2019\u00e9cole et organisons chaque ann\u00e9e un souper pour le premier degr\u00e9 au mois d\u2019octobre.<\/p>\n<p>Deux repr\u00e9sentants par sites sont pr\u00e9sents au Conseil de Participation afin de faire valoir notre avis, entre autres, sur le projet d\u2019\u00e9tablissement de notre Coll\u00e8ge<\/p>\n<p>Tout parent est le bienvenu lors d\u2019une ou plusieurs r\u00e9unions selon ses disponibilit\u00e9s et son envie.<\/p>\n<p>Les comptes-rendus de nos derni\u00e8res r\u00e9unions sont disponibles sur l&rsquo;Intradesk de SmartSchool, dans le dossier <em>\u00ab\u00a005. Communications g\u00e9n\u00e9rales&#8230; \/ d. Association de parents\u00a0\u00bb<\/em>.<\/p>\n<p>Nous avons \u00e9galement une adresse mail : <a href=\"mailto:assopa@csteh.be\">assopa@csteh.be<\/a> o\u00f9 vous pouvez toujours nous laisser un message.<\/p>\n<p>Pr\u00e9sidente : Carmen Gallo[\/vc_column_text][\/vc_tta_section][vc_tta_section title=\u00a0\u00bbColl\u00e8ge Saint-Etienne\u00a0\u00bb tab_id=\u00a0\u00bb1629795377628-e78e357f-5efa\u00a0\u00bb][vc_column_text]<\/p>\n<h3>Coll\u00e8ge Saint-Etienne secondaire<\/h3>\n<p>Adresse : Avenue des Prisonniers de Guerre, 36 &#8211;&nbsp;1490 Court-Saint-Etienne<br \/>\nT\u00e9l\u00e9phone : 010 61 27 56<br \/>\nsite internet : <a href=\"https:\/\/www.cste.be\/cse\/\" target=\"_blank\" rel=\"noopener\">www.cste.be\/cse\/<\/a>[\/vc_column_text][\/vc_tta_section][vc_tta_section title=\u00a0\u00bbEcoles secondaires partenaires\u00a0\u00bb tab_id=\u00a0\u00bb1629795377639-600c72b2-0d9e\u00a0\u00bb][vc_column_text]<\/p>\n<h3>Ecoles secondaires partenaires<\/h3>\n<p>site internet : <a href=\"http:\/\/www.esc-bwest.be\/\" target=\"_blank\" rel=\"noopener\">http:\/\/www.esc-bwest.be\/<\/a>[\/vc_column_text][\/vc_tta_section][vc_tta_section title=\u00a0\u00bbEcole fondamentale CSE\u00a0\u00bb tab_id=\u00a0\u00bb1629795480644-a09f0bb7-a64d\u00a0\u00bb][vc_column_text]<\/p>\n<h3>Ecole fondamentale CSE<\/h3>\n<p>Adresse : Avenue des Prisonniers de Guerre, 42 &#8211; 1490 Court-Saint-Etienne<br \/>\nT\u00e9l\u00e9phone : 010 61 17 96<br \/>\nsite internet : <a href=\"https:\/\/www.cste-fond.be\" target=\"_blank\" rel=\"noopener\">https:\/\/www.cste-fond.be<\/a>[\/vc_column_text][\/vc_tta_section][vc_tta_section title=\u00a0\u00bbEcole fondamentale INDH\u00a0\u00bb tab_id=\u00a0\u00bb1629795504078-5a3816db-9300&Prime;][vc_column_text]<\/p>\n<h3>Ecole fondamentale INDH<\/h3>\n<p>Adresse : Rue des Hayeffes, 31 &#8211; 1435 Mont-Saint-Guibert<br \/>\nT\u00e9l\u00e9phone : 010 65 53 42<br \/>\nsite internet : <a href=\"https:\/\/indh.be\/\" target=\"_blank\" rel=\"noopener\">https:\/\/indh.be<\/a>[\/vc_column_text][\/vc_tta_section][vc_tta_section title=\u00a0\u00bbPMS\u00a0\u00bb tab_id=\u00a0\u00bb1629795532188-d6819212-a0f5&Prime;][vc_column_text]<\/p>\n<h3>Centre PMS Wavre 2<\/h3>\n<h4>Qui ?<\/h4>\n<p>Une psychologue, une infirmi\u00e8re et une assistante sociale travaillent en collaboration avec l\u2019\u00e9quipe \u00e9ducative et p\u00e9dagogique du Coll\u00e8ge des Hayeffes<\/p>\n<h4>Pour quoi ?<\/h4>\n<p>Pour aider, \u00e9couter, accompagner les \u00e9l\u00e8ves (ainsi que leurs parents) dans le but de contribuer \u00e0 leur \u00e9panouissement, leur r\u00e9ussite scolaire, leur construction d\u2019un projet personnel, scolaire et professionnel.<\/p>\n<h4>Comment ?<\/h4>\n<p>En \u00e9tant \u00e0 votre disposition \u00e0 l\u2019\u00e9cole ou au Centre PMS \u00e0 Wavre. En assistant aux conseils de classe et aux r\u00e9unions de parents. En participant \u00e0 des activit\u00e9s d\u2019animation, d\u2019orientation et d\u2019information.<\/p>\n<p>En vous assurant le secret professionnel, le respect de chacun et l\u2019ind\u00e9pendance vis-\u00e0-vis de nos partenaires.<\/p>\n<p>En vous permettant de profiter de nos services gratuitement.<\/p>\n<h4>O\u00f9 et Quand ?<\/h4>\n<p>A l\u2019\u00e9cole \u00e0 l\u2019occasion d\u2019une permanence<\/p>\n<p>Le lundi matin et le jeudi matin<\/p>\n<p>ou au Centre PMS :<\/p>\n<p>\u2022 rue Th\u00e9ophile Piat, 22 \u2013 1300 WAVRE<\/p>\n<p>\u2022 T\u00e9l. : 010\/ 24 10 09 \u2013 Fax : 010\/ 24 68 03 \u2013<\/p>\n<p>\u2022 Site: <a href=\"https:\/\/centrepms.be\/wavre2\/\" target=\"_blank\" rel=\"noopener noreferrer\">https:\/\/centrepms.be\/wavre2\/<\/a><\/p>\n<p>\u2022 Mail : wavre2@centrepms.be[\/vc_column_text][\/vc_tta_section][vc_tta_section title=\u00a0\u00bbPSE\u00a0\u00bb tab_id=\u00a0\u00bb1629796929966-d30509ca-c48a\u00a0\u00bb][vc_column_text]<\/p>\n<h3>Promotion Sant\u00e9 Ecole<\/h3>\n<p>Le PSE libre prend en charge les \u00e9l\u00e8ves du Brabant Wallon pour les missions suivantes :<\/p>\n<ul>\n<li>Le suivi m\u00e9dical des \u00e9l\u00e8ves<\/li>\n<li>L&rsquo;\u00e9tablissement d&rsquo;un recueil standardis\u00e9 de donn\u00e9es sanitaires<\/li>\n<li>La prophylaxie et le d\u00e9pistage des maladie transmissibles<\/li>\n<li>La mise en place de programmes de promotion de la sant\u00e9 et de promotion d&rsquo;un environnement scolaire favorable \u00e0 la sant\u00e9.<\/li>\n<\/ul>\n<p>Site internet : <a href=\"https:\/\/www.pselibrebw.be\/\" target=\"_blank\" rel=\"noopener\">https:\/\/www.pselibrebw.be\/<\/a>[\/vc_column_text][\/vc_tta_section][vc_tta_section title=\u00a0\u00bbP\u00f4le Hedera\u00a0\u00bb tab_id=\u00a0\u00bb1757592283667-3cc8b99b-f999&Prime;][vc_column_text]<\/p>\n<h3 class=\"elementor-heading-title elementor-size-default\"><img loading=\"lazy\" decoding=\"async\" class=\" wp-image-3638 alignleft\" src=\"https:\/\/cste.be\/msg\/wp-content\/uploads\/2025\/09\/cropped-LogoAccisHedera-300x162-1.png\" alt=\"\" width=\"148\" height=\"80\">P\u00f4le Hedera<\/h3>\n<p>Le r\u00f4le principal d\u2019un P\u00f4le est d\u2019accompagner les \u00e9coles ordinaires sur le chemin de&nbsp;<span class=\"s1\">l\u2019inclusion&nbsp;<\/span>en menant des&nbsp;<span class=\"s1\">missions collectives<\/span>&nbsp;(aupr\u00e8s des \u00e9quipes p\u00e9dagogiques des \u00e9coles ordinaires) et des&nbsp;<span class=\"s1\">missions individuelles<\/span>&nbsp;(aupr\u00e8s des \u00e9l\u00e8ves).<\/p>\n<p>Site internet : <a href=\"https:\/\/pole-territorial-hedera.be\/\" target=\"_blank\" rel=\"noopener\">https:\/\/pole-territorial-hedera.be\/<\/a>[\/vc_column_text][\/vc_tta_section][\/vc_tta_tour][\/vc_column][\/vc_row]<\/p>\n<\/div>","protected":false},"excerpt":{"rendered":"<p>[vc_row][vc_column][vc_empty_space][vc_empty_space][vc_tta_tour style=\u00a0\u00bbmodern\u00a0\u00bb color=\u00a0\u00bborange\u00a0\u00bb spacing=\u00a0\u00bb5&Prime; alignment=\u00a0\u00bbcenter\u00a0\u00bb active_section=\u00a0\u00bb1&Prime;][vc_tta_section title=\u00a0\u00bbAssociation des parents\u00a0\u00bb tab_id=\u00a0\u00bb1629795540915-987b3fa4-0bf6&Prime;][vc_column_text] Association des parents L\u2019association des parents du Coll\u00e8ge Saint-Etienne regroupe une \u00e9quipe dynamique de parents des deux implantations : le campus Saint-Etienne et le site des Hayeffes. Nous nous r\u00e9unissons environ toutes les 6 semaines, g\u00e9n\u00e9ralement en pr\u00e9sence de la Direction, en alternance dans la [&hellip;]<\/p>\n","protected":false},"author":1,"featured_media":0,"parent":0,"menu_order":70,"comment_status":"closed","ping_status":"closed","template":"page.php","meta":{"ngg_post_thumbnail":0,"footnotes":""},"class_list":["post-289","page","type-page","status-publish","hentry"],"_links":{"self":[{"href":"https:\/\/cste.be\/msg\/wp-json\/wp\/v2\/pages\/289","targetHints":{"allow":["GET"]}}],"collection":[{"href":"https:\/\/cste.be\/msg\/wp-json\/wp\/v2\/pages"}],"about":[{"href":"https:\/\/cste.be\/msg\/wp-json\/wp\/v2\/types\/page"}],"author":[{"embeddable":true,"href":"https:\/\/cste.be\/msg\/wp-json\/wp\/v2\/users\/1"}],"replies":[{"embeddable":true,"href":"https:\/\/cste.be\/msg\/wp-json\/wp\/v2\/comments?post=289"}],"version-history":[{"count":78,"href":"https:\/\/cste.be\/msg\/wp-json\/wp\/v2\/pages\/289\/revisions"}],"predecessor-version":[{"id":3639,"href":"https:\/\/cste.be\/msg\/wp-json\/wp\/v2\/pages\/289\/revisions\/3639"}],"wp:attachment":[{"href":"https:\/\/cste.be\/msg\/wp-json\/wp\/v2\/media?parent=289"}],"curies":[{"name":"wp","href":"https:\/\/api.w.org\/{rel}","templated":true}]}}