{"id":358,"date":"2021-05-31T11:08:34","date_gmt":"2021-05-31T09:08:34","guid":{"rendered":"http:\/\/cste.be\/msg\/new\/?page_id=358"},"modified":"2021-08-30T09:35:20","modified_gmt":"2021-08-30T07:35:20","slug":"projet-pedagogique-et-educatif","status":"publish","type":"page","link":"https:\/\/cste.be\/msg\/projet-pedagogique-et-educatif\/","title":{"rendered":"Projet p\u00e9dagogique et \u00e9ducatif"},"content":{"rendered":"<div class=\"wpb-content-wrapper\"><p>[vc_row bg_type=\u00a0\u00bbimage\u00a0\u00bb parallax_style=\u00a0\u00bbvcpb-vz-jquery\u00a0\u00bb bg_image_new=\u00a0\u00bbid^332|url^https:\/\/cste.be\/msg\/new\/wp-content\/uploads\/2021\/05\/open-book-1428428_1920.jpg|caption^null|alt^null|title^open-book-1428428_1920|description^null\u00a0\u00bb bg_image_repeat=\u00a0\u00bbrepeat-y\u00a0\u00bb bg_image_size=\u00a0\u00bbcontain\u00a0\u00bb bg_override=\u00a0\u00bbbrowser_size\u00a0\u00bb css=\u00a0\u00bb.vc_custom_1622452295433{background-color: rgba(255,255,255,0.75) !important;*background-color: rgb(255,255,255) !important;}\u00a0\u00bb][vc_column][vc_empty_space height=\u00a0\u00bb50px\u00a0\u00bb][vc_custom_heading text=\u00a0\u00bbProjet p\u00e9dagogique et \u00e9ducatif\u00a0\u00bb font_container=\u00a0\u00bbtag:h2|font_size:24px|text_align:center\u00a0\u00bb use_theme_fonts=\u00a0\u00bbyes\u00a0\u00bb][vc_custom_heading text=\u00a0\u00bbPour le Conseil d\u2019administration, Damien Demelenne \u2013 Pr\u00e9sident\u00a0\u00bb font_container=\u00a0\u00bbtag:h3|font_size:16px|text_align:center\u00a0\u00bb use_theme_fonts=\u00a0\u00bbyes\u00a0\u00bb][vc_single_image image=\u00a0\u00bb8892&Prime; img_size=\u00a0\u00bbfull\u00a0\u00bb alignment=\u00a0\u00bbcenter\u00a0\u00bb css_animation=\u00a0\u00bbbottom-to-top\u00a0\u00bb][vc_row_inner][vc_column_inner width=\u00a0\u00bb1\/6&Prime;][\/vc_column_inner][vc_column_inner width=\u00a0\u00bb2\/3&Prime;][vc_column_text]<\/p>\n<p style=\"text-align: center;\">Le Coll\u00e8ge des Hayeffes ne s\u00e9pare pas l\u2019\u00e9ducation humaine de l\u2019\u00e9ducation chr\u00e9tienne.\u00a0 Une communaut\u00e9 \u00e9ducative d\u2019enseignement catholique est ouverte au monde, respectant et cultivant les diff\u00e9rences, afin que rien d\u2019humain ne lui soit \u00e9tranger, mais en m\u00eame temps, elle se laisse interpeller par la personne du Christ et son message.\u00a0 Sa vis\u00e9e p\u00e9dagogique est l\u2019\u00e9ducation totale de la personne, \u00e9quilibrant le d\u00e9veloppement physique, intellectuel et spirituel, les \u00e9veils artistiques et techniques, l\u2019implication sociale et culturelle.<\/p>\n<p style=\"text-align: center;\">Nous, Pouvoir Organisateur, personnel du Coll\u00e8ge, parents et \u00e9l\u00e8ves, acceptons ce projet et nous engageons \u00e0 en \u00eatre partie prenante, nous effor\u00e7ant donc de d\u00e9velopper:<\/p>\n<p style=\"text-align: center;\"><strong>\u2013<\/strong> une attitude d\u2019accueil et d\u2019\u00e9coute active qui s\u2019enrichisse des diff\u00e9rences sociales et culturelles, et qui implique un renforcement des liens entre les diff\u00e9rentes options et sections;<br \/>\n<strong>\u2013<\/strong> le respect et la recherche de compr\u00e9hension de chacun dans ses d\u00e9marches spirituelles et dans sa qu\u00eate d\u2019un sens \u00e0 la vie;<br \/>\n<strong>\u2013 <\/strong>un sens actif de la libert\u00e9 d\u2019exprimer, de s\u2019exprimer et d\u2019\u00eatre qui s\u2019accompagne d\u2019un engagement \u00e0 assumer ses responsabilit\u00e9s et qui tienne compte des contraintes de la vie communautaire;<br \/>\n<strong>\u2013 <\/strong>un souci constant de la relation, de la communication et de l\u2019information mutuelle qui fasse de l\u2019\u00e9cole un lieu de vie et d\u2019\u00e9panouissement. Ceci implique que les parents, les \u00e9l\u00e8ves et le personnel soient inform\u00e9s et\/ou consult\u00e9s, quant aux activit\u00e9s et d\u00e9cisions qui influencent l\u2019\u00e9volution de l\u2019\u00e9cole;<br \/>\n<strong>\u2013 <\/strong>des structures propres \u00e0 favoriser la concertation et le dialogue qui garantissent la mise en \u0153uvre pratique de ce projet et qui veillent \u00e0 am\u00e9liorer le cadre de vie et les temps de rencontre et de loisirs actifs.<\/p>\n<p style=\"text-align: center;\">Afin de pr\u00e9parer le jeune \u00e0 prendre une part active dans le monde, la p\u00e9dagogie sera attentive aux points qui suivent:<\/p>\n<h4 style=\"text-align: center;\">1. La formation visera<\/h4>\n<p style=\"text-align: center;\"><strong><br \/>\n<\/strong><strong>\u2013 <\/strong>\u00e0 permettre la d\u00e9couverte active du monde ext\u00e9rieur en favorisant diff\u00e9rentes ouvertures, qu\u2019elles soient culturelles ou sociales;<br \/>\n<strong>\u2013 <\/strong>\u00e0 s\u2019adapter aux r\u00e9alit\u00e9s du monde par des contacts directs et r\u00e9guliers;<br \/>\n<strong>\u2013 <\/strong>\u00e0 s\u2019ajuster \u00e0 l\u2019avenir professionnel et scolaire de l\u2019\u00e9l\u00e8ve;<br \/>\n<strong>\u2013 <\/strong>\u00e0 prendre part \u00e0 la transformation du monde dans un esprit de solidarit\u00e9, de respect des hommes et de la nature.<\/p>\n<h4 style=\"text-align: center;\">2. Pour ce faire, nous veillerons plus particuli\u00e8rement \u00e0:<\/h4>\n<p style=\"text-align: center;\"><strong><br \/>\n<\/strong><strong>\u2013 <\/strong>asseoir une formation solide fond\u00e9e sur l\u2019acquisition de connaissances, le d\u00e9veloppement de l\u2019esprit critique et la cr\u00e9ativit\u00e9;<br \/>\n<strong>\u2013<\/strong> installer la rigueur, la ponctualit\u00e9, le go\u00fbt du travail bien fait et le sens de l\u2019organisation;<br \/>\n<strong>\u2013 <\/strong>d\u00e9velopper la responsabilit\u00e9 et le respect face \u00e0 l\u2019environnement, de mani\u00e8re \u00e0 promouvoir un cadre de vie et de travail qui r\u00e9ponde aux besoins de chacun et soit propice \u00e0 la meilleure r\u00e9alisation des objectifs p\u00e9dagogiques;<br \/>\n<strong>\u2013<\/strong> garantir le droit de chacun \u00e0 \u00eatre encourag\u00e9 et valoris\u00e9 dans ses points forts, et \u00e0 b\u00e9n\u00e9ficier d\u2019une guidance personnalis\u00e9e favorable \u00e0 sa progression personnelle;<br \/>\n<strong>\u2013 <\/strong>instaurer une coordination rassemblant autant que possible les \u00e9l\u00e8ves et le personnel des diff\u00e9rentes sections autour d\u2019une approche vivante des r\u00e9alit\u00e9s du monde et des mati\u00e8res.<\/p>\n<p style=\"text-align: center;\">Les parents et le personnel du Coll\u00e8ge doivent \u00eatre en premier lieu des adultes qui sont l\u00e0 pour aider les \u00e9l\u00e8ves \u00e0 assumer leurs responsabilit\u00e9s et \u00e0 se rendre ma\u00eetres de leurs activit\u00e9s.<\/p>\n<p style=\"text-align: center;\">Tous les membres de la communaut\u00e9 \u00e9ducative s\u2019engagent \u00e0 adh\u00e9rer \u00e0 ce projet \u00e9ducatif et p\u00e9dagogique, \u00e0 collaborer \u00e0 sa r\u00e9alisation et aux ajustements p\u00e9riodiques qu\u2019il n\u00e9cessite.<\/p>\n<p style=\"text-align: right;\"><em>Pour le Conseil d\u2019administration<\/em><br \/>\n<em>Damien Demelenne \u2013 Pr\u00e9sident<\/em><\/p>\n<p>&nbsp;<\/p>\n<p>[\/vc_column_text][\/vc_column_inner][vc_column_inner width=\u00a0\u00bb1\/6&Prime;][\/vc_column_inner][\/vc_row_inner][\/vc_column][\/vc_row]<\/p>\n<\/div>","protected":false},"excerpt":{"rendered":"<p>[vc_row bg_type=\u00a0\u00bbimage\u00a0\u00bb parallax_style=\u00a0\u00bbvcpb-vz-jquery\u00a0\u00bb bg_image_new=\u00a0\u00bbid^332|url^https:\/\/cste.be\/msg\/new\/wp-content\/uploads\/2021\/05\/open-book-1428428_1920.jpg|caption^null|alt^null|title^open-book-1428428_1920|description^null\u00a0\u00bb bg_image_repeat=\u00a0\u00bbrepeat-y\u00a0\u00bb bg_image_size=\u00a0\u00bbcontain\u00a0\u00bb bg_override=\u00a0\u00bbbrowser_size\u00a0\u00bb css=\u00a0\u00bb.vc_custom_1622452295433{background-color: rgba(255,255,255,0.75) !important;*background-color: rgb(255,255,255) !important;}\u00a0\u00bb][vc_column][vc_empty_space height=\u00a0\u00bb50px\u00a0\u00bb][vc_custom_heading text=\u00a0\u00bbProjet p\u00e9dagogique et \u00e9ducatif\u00a0\u00bb font_container=\u00a0\u00bbtag:h2|font_size:24px|text_align:center\u00a0\u00bb use_theme_fonts=\u00a0\u00bbyes\u00a0\u00bb][vc_custom_heading text=\u00a0\u00bbPour le Conseil d\u2019administration, Damien Demelenne \u2013 Pr\u00e9sident\u00a0\u00bb font_container=\u00a0\u00bbtag:h3|font_size:16px|text_align:center\u00a0\u00bb use_theme_fonts=\u00a0\u00bbyes\u00a0\u00bb][vc_single_image image=\u00a0\u00bb8892&Prime; img_size=\u00a0\u00bbfull\u00a0\u00bb alignment=\u00a0\u00bbcenter\u00a0\u00bb css_animation=\u00a0\u00bbbottom-to-top\u00a0\u00bb][vc_row_inner][vc_column_inner width=\u00a0\u00bb1\/6&Prime;][\/vc_column_inner][vc_column_inner width=\u00a0\u00bb2\/3&Prime;][vc_column_text] Le Coll\u00e8ge des Hayeffes ne s\u00e9pare pas l\u2019\u00e9ducation humaine de l\u2019\u00e9ducation chr\u00e9tienne.\u00a0 Une communaut\u00e9 \u00e9ducative d\u2019enseignement catholique est ouverte au [&hellip;]<\/p>\n","protected":false},"author":1,"featured_media":0,"parent":0,"menu_order":33,"comment_status":"closed","ping_status":"closed","template":"page.php","meta":{"ngg_post_thumbnail":0,"footnotes":""},"class_list":["post-358","page","type-page","status-publish","hentry"],"_links":{"self":[{"href":"https:\/\/cste.be\/msg\/wp-json\/wp\/v2\/pages\/358","targetHints":{"allow":["GET"]}}],"collection":[{"href":"https:\/\/cste.be\/msg\/wp-json\/wp\/v2\/pages"}],"about":[{"href":"https:\/\/cste.be\/msg\/wp-json\/wp\/v2\/types\/page"}],"author":[{"embeddable":true,"href":"https:\/\/cste.be\/msg\/wp-json\/wp\/v2\/users\/1"}],"replies":[{"embeddable":true,"href":"https:\/\/cste.be\/msg\/wp-json\/wp\/v2\/comments?post=358"}],"version-history":[{"count":3,"href":"https:\/\/cste.be\/msg\/wp-json\/wp\/v2\/pages\/358\/revisions"}],"predecessor-version":[{"id":362,"href":"https:\/\/cste.be\/msg\/wp-json\/wp\/v2\/pages\/358\/revisions\/362"}],"wp:attachment":[{"href":"https:\/\/cste.be\/msg\/wp-json\/wp\/v2\/media?parent=358"}],"curies":[{"name":"wp","href":"https:\/\/api.w.org\/{rel}","templated":true}]}}