{"id":378,"date":"2021-05-31T11:43:00","date_gmt":"2021-05-31T09:43:00","guid":{"rendered":"http:\/\/cste.be\/msg\/new\/?page_id=378"},"modified":"2026-02-09T14:57:08","modified_gmt":"2026-02-09T13:57:08","slug":"1er-degre","status":"publish","type":"page","link":"https:\/\/cste.be\/msg\/1er-degre\/","title":{"rendered":"1\u00b0 degr\u00e9"},"content":{"rendered":"<div class=\"wpb-content-wrapper\"><p>[vc_row][vc_column][vc_empty_space height=\u00a0\u00bb20px\u00a0\u00bb][vc_custom_heading text=\u00a0\u00bbLE 1er DEGR\u00c9\u00a0\u00bb font_container=\u00a0\u00bbtag:h1|text_align:center\u00a0\u00bb use_theme_fonts=\u00a0\u00bbyes\u00a0\u00bb][vc_empty_space height=\u00a0\u00bb20px\u00a0\u00bb][\/vc_column][\/vc_row][vc_row bg_type=\u00a0\u00bbimage\u00a0\u00bb parallax_style=\u00a0\u00bbvcpb-default\u00a0\u00bb bg_image_new=\u00a0\u00bbid^380|url^https:\/\/cste.be\/msg\/new\/wp-content\/uploads\/2021\/05\/school-1974369_1920.jpg|caption^null|alt^null|title^school-1974369_1920|description^null\u00a0\u00bb bg_override=\u00a0\u00bbex-full\u00a0\u00bb css=\u00a0\u00bb.vc_custom_1770644858719{padding-top: 20px !important;padding-bottom: 100px !important;}\u00a0\u00bb][vc_column width=\u00a0\u00bb1\/3&Prime;][vc_row_inner][vc_column_inner css=\u00a0\u00bb.vc_custom_1476046236714{padding-top: 40px !important;padding-right: 40px !important;padding-bottom: 40px !important;padding-left: 40px !important;background-color: rgba(255,255,255,0.95) !important;*background-color: rgb(255,255,255) !important;}\u00a0\u00bb][vc_custom_heading text=\u00a0\u00bb1\u00b0C (32 p\u00e9riodes)\u00a0\u00bb font_container=\u00a0\u00bbtag:h3|font_size:30px|text_align:left|color:%23000000|line_height:30px\u00a0\u00bb use_theme_fonts=\u00a0\u00bbyes\u00a0\u00bb el_class=\u00a0\u00bbh2support\u00a0\u00bb][vc_custom_heading text=\u00a0\u00bbPROVISOIRE\u00a0\u00bb font_container=\u00a0\u00bbtag:h4|font_size:20px|text_align:left|color:%23ffa33a|line_height:30px\u00a0\u00bb use_theme_fonts=\u00a0\u00bbyes\u00a0\u00bb el_class=\u00a0\u00bbh2support\u00a0\u00bb][vc_empty_space height=\u00a0\u00bb20px\u00a0\u00bb][vc_column_text]<\/p>\n<ul>\n<li>Fran\u00e7ais -&gt; 6h<\/li>\n<li>ECA = Education culturelle et artistique -&gt; 2h<\/li>\n<li>Langue moderne 1 -&gt; 4h<\/li>\n<li>Math\u00e9matiques -&gt; 5h<\/li>\n<li>Sciences -&gt; 3h<\/li>\n<li>FHGES = Formation historique, g\u00e9ographique, \u00e9conomique et sociale -&gt; 4h<\/li>\n<li>FMTT = Formation manuelle, technique et technologique -&gt; 1h<\/li>\n<li>Religion -&gt; 2h<\/li>\n<li>EPS = Education physique et \u00e0 la sant\u00e9 -&gt; 3h<\/li>\n<li>Num\u00e9rique -&gt; 2h<\/li>\n<\/ul>\n<p>&nbsp;[\/vc_column_text][\/vc_column_inner][\/vc_row_inner][\/vc_column][vc_column width=\u00a0\u00bb1\/3&Prime;][vc_row_inner][vc_column_inner css=\u00a0\u00bb.vc_custom_1476046236714{padding-top: 40px !important;padding-right: 40px !important;padding-bottom: 40px !important;padding-left: 40px !important;background-color: rgba(255,255,255,0.95) !important;*background-color: rgb(255,255,255) !important;}\u00a0\u00bb][vc_custom_heading text=\u00a0\u00bb2\u00b0C\u00a0\u00bb font_container=\u00a0\u00bbtag:h3|font_size:30px|text_align:left|line_height:30px\u00a0\u00bb use_theme_fonts=\u00a0\u00bbyes\u00a0\u00bb el_class=\u00a0\u00bbh2support\u00a0\u00bb][vc_custom_heading text=\u00a0\u00bbAnn\u00e9e 2026-2027&Prime; font_container=\u00a0\u00bbtag:h4|font_size:20px|text_align:left|color:%2381d742|line_height:30px\u00a0\u00bb use_theme_fonts=\u00a0\u00bbyes\u00a0\u00bb el_class=\u00a0\u00bbh2support\u00a0\u00bb][vc_empty_space height=\u00a0\u00bb20px\u00a0\u00bb][vc_column_text]<\/p>\n<ul>\n<li>Religion 2h<\/li>\n<li>Fran\u00e7ais 5h <strong>*<\/strong><\/li>\n<li>Math\u00e9matiques 5h<strong>*<\/strong><\/li>\n<li>N\u00e9erlandais ou Anglais 5h<strong>**<\/strong><\/li>\n<li>Etude du milieu 4h<\/li>\n<li>Sciences 3h<\/li>\n<li>Education physique 3h<\/li>\n<li>Education artistique et musicale 1h<\/li>\n<li>Education par la technologie 1h<\/li>\n<li>Bouquet 4h (\u00e0 choisir ci-dessous)<\/li>\n<\/ul>\n<p>&nbsp;<\/p>\n<p><strong>Bouquet Latin-Grec<\/strong> : Bouquet Latin-Grec : poursuite du Latin &amp; initiation \u00e0 la Culture Grecque (4h\/sem.) : en route vers des \u00e9pisodes mythologiques et historiques majeurs des Romains et des Grecs, sur base de textes, t\u00e9moins privil\u00e9gi\u00e9s de cette \u00e9poque, pour s\u2019ouvrir sur l\u2019art et l\u2019\u00e9tymologie.<\/p>\n<p><strong>Bouquet polytechnique<\/strong> : consistant en un bouquet de 4 cours : Ecologie, Informatique, Arts Plastiques Autrement, Sports Autrement. Chaque cours est donn\u00e9 \u00e0 raison de 2 heures \/ semaine. Deux cours de septembre \u00e0 janvier puis les deux autres de janvier \u00e0 juin.<\/p>\n<p>En 2\u00b0S, pour les \u00e9l\u00e8ves n\u2019ayant pas obtenu le CE1D (certificat d\u2019enseignement du premier degr\u00e9) au terme de la 2\u00b0C, des activit\u00e9s de soutien aux \u00e9l\u00e8ves et d\u2019orientation sont organis\u00e9es \u00e0 raison de 4 heures \/ semaine.<\/p>\n<p><em>* dont 1 heure en demi-groupe pour rem\u00e9diation \u2013 drill \u2013 d\u00e9passement<\/em><br \/>\n<em>** dont 1 heure en demi-groupe pour conversation n\u00e9erlandaise ou anglaise<\/em>[\/vc_column_text][\/vc_column_inner][\/vc_row_inner][\/vc_column][vc_column width=\u00a0\u00bb1\/3&Prime;][vc_row_inner][vc_column_inner css=\u00a0\u00bb.vc_custom_1476046236714{padding-top: 40px !important;padding-right: 40px !important;padding-bottom: 40px !important;padding-left: 40px !important;background-color: rgba(255,255,255,0.95) !important;*background-color: rgb(255,255,255) !important;}\u00a0\u00bb][vc_custom_heading text=\u00a0\u00bb2\u00b0C\u00a0\u00bb font_container=\u00a0\u00bbtag:h3|font_size:30px|text_align:left|line_height:30px\u00a0\u00bb use_theme_fonts=\u00a0\u00bbyes\u00a0\u00bb el_class=\u00a0\u00bbh2support\u00a0\u00bb][vc_custom_heading text=\u00a0\u00bbAnn\u00e9e 2027-2028 &#8211; Provisoire\u00a0\u00bb font_container=\u00a0\u00bbtag:h4|font_size:20px|text_align:left|color:%231e73be|line_height:30px\u00a0\u00bb use_theme_fonts=\u00a0\u00bbyes\u00a0\u00bb el_class=\u00a0\u00bbh2support\u00a0\u00bb][vc_column_text]<\/p>\n<ul>\n<li>Fran\u00e7ais &#8211; langues anciennes -&gt; 4h + 2h<\/li>\n<li>ECA = \u00c9ducation culturelle et artistique -&gt; 2h<\/li>\n<li>Langue moderne 1 -&gt; 4h<\/li>\n<li>Math\u00e9matiques -&gt; 5h<\/li>\n<li>Sciences -&gt; 3h<\/li>\n<li>FHGES = Formation historique, g\u00e9ographique, \u00e9conomique et sociale -&gt; 4h<\/li>\n<li>FMTT = Formation manuelle, technique, technologique -&gt; 1h<\/li>\n<li>Religion -&gt; 2h<\/li>\n<li>EPS = Education physique et \u00e0 la sant\u00e9 -&gt; 3h<\/li>\n<li>Num\u00e9rique -&gt; 2h<\/li>\n<\/ul>\n<p>[\/vc_column_text][\/vc_column_inner][\/vc_row_inner][\/vc_column][\/vc_row]<\/p>\n<\/div>","protected":false},"excerpt":{"rendered":"<p>[vc_row][vc_column][vc_empty_space height=\u00a0\u00bb20px\u00a0\u00bb][vc_custom_heading text=\u00a0\u00bbLE 1er DEGR\u00c9\u00a0\u00bb font_container=\u00a0\u00bbtag:h1|text_align:center\u00a0\u00bb use_theme_fonts=\u00a0\u00bbyes\u00a0\u00bb][vc_empty_space height=\u00a0\u00bb20px\u00a0\u00bb][\/vc_column][\/vc_row][vc_row bg_type=\u00a0\u00bbimage\u00a0\u00bb parallax_style=\u00a0\u00bbvcpb-default\u00a0\u00bb bg_image_new=\u00a0\u00bbid^380|url^https:\/\/cste.be\/msg\/new\/wp-content\/uploads\/2021\/05\/school-1974369_1920.jpg|caption^null|alt^null|title^school-1974369_1920|description^null\u00a0\u00bb bg_override=\u00a0\u00bbex-full\u00a0\u00bb css=\u00a0\u00bb.vc_custom_1770644858719{padding-top: 20px !important;padding-bottom: 100px !important;}\u00a0\u00bb][vc_column width=\u00a0\u00bb1\/3&Prime;][vc_row_inner][vc_column_inner css=\u00a0\u00bb.vc_custom_1476046236714{padding-top: 40px !important;padding-right: 40px !important;padding-bottom: 40px !important;padding-left: 40px !important;background-color: rgba(255,255,255,0.95) !important;*background-color: rgb(255,255,255) !important;}\u00a0\u00bb][vc_custom_heading text=\u00a0\u00bb1\u00b0C (32 p\u00e9riodes)\u00a0\u00bb font_container=\u00a0\u00bbtag:h3|font_size:30px|text_align:left|color:%23000000|line_height:30px\u00a0\u00bb use_theme_fonts=\u00a0\u00bbyes\u00a0\u00bb el_class=\u00a0\u00bbh2support\u00a0\u00bb][vc_custom_heading text=\u00a0\u00bbPROVISOIRE\u00a0\u00bb font_container=\u00a0\u00bbtag:h4|font_size:20px|text_align:left|color:%23ffa33a|line_height:30px\u00a0\u00bb use_theme_fonts=\u00a0\u00bbyes\u00a0\u00bb el_class=\u00a0\u00bbh2support\u00a0\u00bb][vc_empty_space height=\u00a0\u00bb20px\u00a0\u00bb][vc_column_text] Fran\u00e7ais -&gt; 6h ECA = Education culturelle et artistique -&gt; 2h Langue moderne [&hellip;]<\/p>\n","protected":false},"author":1,"featured_media":0,"parent":0,"menu_order":40,"comment_status":"closed","ping_status":"closed","template":"page.php","meta":{"ngg_post_thumbnail":0,"footnotes":""},"class_list":["post-378","page","type-page","status-publish","hentry"],"_links":{"self":[{"href":"https:\/\/cste.be\/msg\/wp-json\/wp\/v2\/pages\/378","targetHints":{"allow":["GET"]}}],"collection":[{"href":"https:\/\/cste.be\/msg\/wp-json\/wp\/v2\/pages"}],"about":[{"href":"https:\/\/cste.be\/msg\/wp-json\/wp\/v2\/types\/page"}],"author":[{"embeddable":true,"href":"https:\/\/cste.be\/msg\/wp-json\/wp\/v2\/users\/1"}],"replies":[{"embeddable":true,"href":"https:\/\/cste.be\/msg\/wp-json\/wp\/v2\/comments?post=378"}],"version-history":[{"count":80,"href":"https:\/\/cste.be\/msg\/wp-json\/wp\/v2\/pages\/378\/revisions"}],"predecessor-version":[{"id":3712,"href":"https:\/\/cste.be\/msg\/wp-json\/wp\/v2\/pages\/378\/revisions\/3712"}],"wp:attachment":[{"href":"https:\/\/cste.be\/msg\/wp-json\/wp\/v2\/media?parent=378"}],"curies":[{"name":"wp","href":"https:\/\/api.w.org\/{rel}","templated":true}]}}