{"id":423,"date":"2021-05-31T13:33:43","date_gmt":"2021-05-31T11:33:43","guid":{"rendered":"http:\/\/cste.be\/msg\/new\/?page_id=423"},"modified":"2026-02-09T15:03:14","modified_gmt":"2026-02-09T14:03:14","slug":"2-degre","status":"publish","type":"page","link":"https:\/\/cste.be\/msg\/2-degre\/","title":{"rendered":"2\u00b0 degr\u00e9"},"content":{"rendered":"<div class=\"wpb-content-wrapper\"><p>[vc_row bg_type=\u00a0\u00bbimage\u00a0\u00bb parallax_style=\u00a0\u00bbvcpb-vz-jquery\u00a0\u00bb bg_image_new=\u00a0\u00bbid^380|url^https:\/\/cste.be\/msg\/new\/wp-content\/uploads\/2021\/05\/school-1974369_1920.jpg|caption^null|alt^null|title^school-1974369_1920|description^null\u00a0\u00bb bg_override=\u00a0\u00bbbrowser_size\u00a0\u00bb][vc_column][vc_empty_space height=\u00a0\u00bb20px\u00a0\u00bb][vc_custom_heading text=\u00a0\u00bbLE 2\u00e8me DEGR\u00c9\u00a0\u00bb font_container=\u00a0\u00bbtag:h1|text_align:center\u00a0\u00bb use_theme_fonts=\u00a0\u00bbyes\u00a0\u00bb css=\u00a0\u00bb.vc_custom_1622465523936{padding-top: 40px !important;padding-bottom: 40px !important;background-color: #ffffff !important;}\u00a0\u00bb][vc_empty_space height=\u00a0\u00bb40px\u00a0\u00bb][vc_column_text el_class=\u00a0\u00bbtableau\u00a0\u00bb]<\/p>\n<table border=\"1\">\n<tbody>\n<tr>\n<th style=\"text-align: center;\">Formation commune obligatoire<\/th>\n<th style=\"text-align: center;\">Formation obligatoire en Sciences<\/th>\n<th style=\"text-align: center;\">Formation obligatoire en langue<\/th>\n<th style=\"text-align: center;\">Formation optionnelle<\/th>\n<th style=\"text-align: center;\">Formation compl\u00e9mentaire<\/th>\n<\/tr>\n<tr>\n<td style=\"vertical-align: middle;\" rowspan=\"16\">Religion 2h<br \/>\nHistoire 2h<br \/>\nFran\u00e7ais 5h<br \/>\nG\u00e9ographie 2h<br \/>\nMath\u00e9matiques 5h<br \/>\nLangue 1 (Nl ou Uk) 4h<br \/>\nEducation Physique 2h<\/td>\n<td style=\"vertical-align: middle;\" rowspan=\"5\">Sciences 5h<\/td>\n<td style=\"vertical-align: middle;\" rowspan=\"2\">Langue 2 (Nl ou Uk) 4h *<\/td>\n<td style=\"background-color: grey;\" rowspan=\"2\">&nbsp;<\/td>\n<td style=\"vertical-align: middle;\">Informatique 2h<\/td>\n<\/tr>\n<tr>\n<td style=\"background-color: grey;\">&nbsp;<\/td>\n<\/tr>\n<tr>\n<td style=\"vertical-align: middle;\" rowspan=\"3\">Langue 2&nbsp; (Nl ou Uk) 2h<\/td>\n<td>Latin 4h<\/td>\n<td style=\"background-color: grey;\">&nbsp;<\/td>\n<\/tr>\n<tr>\n<td style=\"vertical-align: middle;\">Artistique 4h<\/td>\n<td style=\"background-color: grey;\">&nbsp;<\/td>\n<\/tr>\n<tr>\n<td style=\"background-color: grey;\">&nbsp;<\/td>\n<td style=\"vertical-align: middle;\">Informatique 2h<\/td>\n<\/tr>\n<tr>\n<td style=\"vertical-align: middle;\" rowspan=\"11\">Sciences 3h<\/td>\n<td style=\"vertical-align: middle;\" rowspan=\"5\">Langue 2 (Nl ou Uk) 4h *<\/td>\n<td style=\"vertical-align: middle;\">Latin 4h<\/td>\n<td style=\"background-color: grey;\">&nbsp;<\/td>\n<\/tr>\n<tr>\n<td style=\"vertical-align: middle;\">Artistique 4h<\/td>\n<td style=\"background-color: grey;\">&nbsp;<\/td>\n<\/tr>\n<tr>\n<td style=\"vertical-align: middle;\" rowspan=\"3\">&nbsp;<\/td>\n<td style=\"vertical-align: middle;\">Culture grecque 2h<\/td>\n<\/tr>\n<tr>\n<td style=\"vertical-align: middle;\">Informatique 2h<\/td>\n<\/tr>\n<tr>\n<td style=\"vertical-align: middle;\">Culture grecque 2h &amp; Informatique 2h<\/td>\n<\/tr>\n<tr>\n<td style=\"vertical-align: middle;\" rowspan=\"6\">Langue 2 (Nl ou Uk) 2h<\/td>\n<td style=\"vertical-align: middle;\" rowspan=\"3\">Latin 4h<\/td>\n<td style=\"vertical-align: middle;\">Informatique 2h<\/td>\n<\/tr>\n<tr>\n<td style=\"vertical-align: middle;\">Culture grecque 2h<\/td>\n<\/tr>\n<tr>\n<td style=\"background-color: grey;\">&nbsp;<\/td>\n<\/tr>\n<tr>\n<td style=\"vertical-align: middle;\" rowspan=\"3\">Artistique 4h<\/td>\n<td style=\"vertical-align: middle;\">Informatique 2h<\/td>\n<\/tr>\n<tr>\n<td style=\"vertical-align: middle;\">Culture grecque 2h<\/td>\n<\/tr>\n<tr>\n<td style=\"background-color: grey;\">&nbsp;<\/td>\n<\/tr>\n<\/tbody>\n<\/table>\n<p>[\/vc_column_text][vc_empty_space height=\u00a0\u00bb20px\u00a0\u00bb][vc_column_text css=\u00a0\u00bb.vc_custom_1738315520031{background-color: #ffffff !important;}\u00a0\u00bb]<\/p>\n<p style=\"text-align: center;\">*dont 1 heure en demi-groupe pour conversation<\/p>\n<p>[\/vc_column_text][vc_empty_space height=\u00a0\u00bb40px\u00a0\u00bb][\/vc_column][\/vc_row]<\/p>\n<\/div>","protected":false},"excerpt":{"rendered":"<p>[vc_row bg_type=\u00a0\u00bbimage\u00a0\u00bb parallax_style=\u00a0\u00bbvcpb-vz-jquery\u00a0\u00bb bg_image_new=\u00a0\u00bbid^380|url^https:\/\/cste.be\/msg\/new\/wp-content\/uploads\/2021\/05\/school-1974369_1920.jpg|caption^null|alt^null|title^school-1974369_1920|description^null\u00a0\u00bb bg_override=\u00a0\u00bbbrowser_size\u00a0\u00bb][vc_column][vc_empty_space height=\u00a0\u00bb20px\u00a0\u00bb][vc_custom_heading text=\u00a0\u00bbLE 2\u00e8me DEGR\u00c9\u00a0\u00bb font_container=\u00a0\u00bbtag:h1|text_align:center\u00a0\u00bb use_theme_fonts=\u00a0\u00bbyes\u00a0\u00bb css=\u00a0\u00bb.vc_custom_1622465523936{padding-top: 40px !important;padding-bottom: 40px !important;background-color: #ffffff !important;}\u00a0\u00bb][vc_empty_space height=\u00a0\u00bb40px\u00a0\u00bb][vc_column_text el_class=\u00a0\u00bbtableau\u00a0\u00bb] Formation commune obligatoire Formation obligatoire en Sciences Formation obligatoire en langue Formation optionnelle Formation compl\u00e9mentaire Religion 2h Histoire 2h Fran\u00e7ais 5h G\u00e9ographie 2h Math\u00e9matiques 5h Langue 1 (Nl ou Uk) 4h Education Physique 2h Sciences [&hellip;]<\/p>\n","protected":false},"author":1,"featured_media":0,"parent":0,"menu_order":41,"comment_status":"closed","ping_status":"closed","template":"page.php","meta":{"ngg_post_thumbnail":0,"footnotes":""},"class_list":["post-423","page","type-page","status-publish","hentry"],"_links":{"self":[{"href":"https:\/\/cste.be\/msg\/wp-json\/wp\/v2\/pages\/423","targetHints":{"allow":["GET"]}}],"collection":[{"href":"https:\/\/cste.be\/msg\/wp-json\/wp\/v2\/pages"}],"about":[{"href":"https:\/\/cste.be\/msg\/wp-json\/wp\/v2\/types\/page"}],"author":[{"embeddable":true,"href":"https:\/\/cste.be\/msg\/wp-json\/wp\/v2\/users\/1"}],"replies":[{"embeddable":true,"href":"https:\/\/cste.be\/msg\/wp-json\/wp\/v2\/comments?post=423"}],"version-history":[{"count":47,"href":"https:\/\/cste.be\/msg\/wp-json\/wp\/v2\/pages\/423\/revisions"}],"predecessor-version":[{"id":3714,"href":"https:\/\/cste.be\/msg\/wp-json\/wp\/v2\/pages\/423\/revisions\/3714"}],"wp:attachment":[{"href":"https:\/\/cste.be\/msg\/wp-json\/wp\/v2\/media?parent=423"}],"curies":[{"name":"wp","href":"https:\/\/api.w.org\/{rel}","templated":true}]}}