{"id":527,"date":"2021-08-24T13:57:01","date_gmt":"2021-08-24T11:57:01","guid":{"rendered":"https:\/\/cste.be\/msg\/new\/?page_id=527"},"modified":"2021-08-30T09:34:35","modified_gmt":"2021-08-30T07:34:35","slug":"historique-du-college-2","status":"publish","type":"page","link":"https:\/\/cste.be\/msg\/historique-du-college-2\/","title":{"rendered":"Historique du Coll\u00e8ge"},"content":{"rendered":"<div class=\"wpb-content-wrapper\"><p>[vc_row bg_type=\u00a0\u00bbimage\u00a0\u00bb parallax_style=\u00a0\u00bbvcpb-vz-jquery\u00a0\u00bb bg_image_new=\u00a0\u00bbid^332|url^https:\/\/cste.be\/msg\/new\/wp-content\/uploads\/2021\/05\/open-book-1428428_1920.jpg|caption^null|alt^null|title^open-book-1428428_1920|description^null\u00a0\u00bb bg_image_repeat=\u00a0\u00bbno-repeat\u00a0\u00bb bg_override=\u00a0\u00bbbrowser_size\u00a0\u00bb css=\u00a0\u00bb.vc_custom_1622449136421{background-color: rgba(255,255,255,0.75) !important;*background-color: rgb(255,255,255) !important;}\u00a0\u00bb][vc_column][vc_empty_space height=\u00a0\u00bb50px\u00a0\u00bb][vc_custom_heading text=\u00a0\u00bbPr\u00e9sentation et bref historique du Coll\u00e8ge des Hayeffes\u00a0\u00bb font_container=\u00a0\u00bbtag:h2|font_size:24px|text_align:center\u00a0\u00bb use_theme_fonts=\u00a0\u00bbyes\u00a0\u00bb css=\u00a0\u00bb.vc_custom_1622443635190{margin-bottom: 25px !important;}\u00a0\u00bb][vc_custom_heading text=\u00a0\u00bbBy T. Jadin\u00a0\u00bb font_container=\u00a0\u00bbtag:h3|font_size:16px|text_align:center\u00a0\u00bb use_theme_fonts=\u00a0\u00bbyes\u00a0\u00bb css=\u00a0\u00bb.vc_custom_1629807026226{margin-bottom: 25px !important;}\u00a0\u00bb][vc_single_image image=\u00a0\u00bb293&Prime; img_size=\u00a0\u00bbfull\u00a0\u00bb alignment=\u00a0\u00bbcenter\u00a0\u00bb css_animation=\u00a0\u00bbtop-to-bottom\u00a0\u00bb][vc_row_inner css=\u00a0\u00bb.vc_custom_1622447720723{margin-top: 50px !important;background-position: 0 0 !important;background-repeat: no-repeat !important;}\u00a0\u00bb][vc_column_inner width=\u00a0\u00bb1\/6&Prime;][\/vc_column_inner][vc_column_inner width=\u00a0\u00bb2\/3&Prime;][vc_column_text]<\/p>\n<p style=\"text-align: left;\">Le Coll\u00e8ge des Hayeffes, une des trois \u00e9coles organis\u00e9es par l\u2019ASBL Pouvoir Organisateur Coll\u00e8ges Saint-Etienne et des Hayeffes, a pour vocation d\u2019accueillir chaque \u00e9l\u00e8ve et d\u2019en valoriser les points forts, quels que soient son parcours et son histoire, de lui tendre la main pour l\u2019emmener plus loin, de rechercher avec lui l\u2019excellence plut\u00f4t que l\u2019\u00e9litisme, de susciter et d\u2019entretenir son cheminement spirituel \u00e0 travers les valeurs de l\u2019Evangile, de lui ouvrir les yeux sur le monde qui l\u2019entoure, et de faire de lui un acteur de sa propre vie et de son environnement. Voici un bref historique.<\/p>\n<p style=\"text-align: left;\">En 1859, deux religieuses S\u0153urs de la Providence<sup>1<\/sup>\u00a0de Champion, s&rsquo;installent \u00e0 Court-Saint-Etienne \u00e0 la demande du Cur\u00e9 Delvaux et font construire en 1882 un b\u00e2timent qui accueille une \u00e9cole fondamentale\u00a0: l\u2019Institut Saint-Etienne \u00e9tait n\u00e9!<\/p>\n<p style=\"text-align: left;\">En 1914, un \u00e9difice est b\u00e2ti Rue du Village pour accueillir l\u2019Ecole Fondamentale. Le b\u00e2timent construit en 1882 Rue de Beaurieux \u00e9tant devenu trop exigu<sup>2<\/sup>.<a href=\"#_ftn2\" name=\"_ftnref2\"><\/a><\/p>\n<p style=\"text-align: left;\">En 1959, sous l\u2019impulsion de l\u2019imprimeur Raymond Oleffe, l\u2019Ecole Fondamentale Saint-Etienne ouvrit une section d\u2019enseignement secondaire, en organisant une <em>1<sup>\u00e8re<\/sup> Moderne<\/em>, initiative bient\u00f4t suivie de l\u2019ouverture d\u2019une section d\u2019enseignement professionnel, \u00e0 l\u2019Avenue des Prisonniers de Guerre. Les mutations socio-\u00e9conomiques de Court-Saint-Etienne et des environs amen\u00e8rent l\u2019Institut Saint-Etienne \u00e0 toujours \u00e9largir son offre d\u2019enseignement et \u00e0 s\u2019agrandir jusqu\u2019\u00e0 scolariser quelque 900 \u00e9l\u00e8ves en Secondaire durant l\u2019ann\u00e9e scolaire 1993-1994.<\/p>\n<p style=\"text-align: left;\">En 1994, une opportunit\u00e9 s\u2019offrit d\u2019ouvrir une section d\u2019enseignement secondaire sur le Site des Hayeffes dont le domaine venait d\u2019\u00eatre acquis par l\u2019Archev\u00each\u00e9 de Malines-Bruxelles. L\u2019\u00e9cole fondamentale qui occupait et qui occupe toujours les lieux (l\u2019Institut Notre-Dame des Hayeffes) construisit un nouveau b\u00e2timent, lib\u00e9rant des classes dans le b\u00e2timent dit du <em>Ch\u00e2teau des Hayeffes<\/em>. Sous la direction d\u2019Andr\u00e9 Taets s\u2019ouvrit et se d\u00e9ploya ainsi une nouvelle \u00e9cole secondaire en Brabant Wallon. Il y avait alors 89 \u00e9l\u00e8ves r\u00e9partis en quatre classes de 1<sup>\u00e8re<\/sup> en septembre 1994. Chaque ann\u00e9e, la Communaut\u00e9 Fran\u00e7aise reportait d\u2019un an la reconnaissance administrative et financi\u00e8re de cette \u00e9cole.<\/p>\n<p style=\"text-align: left;\">En mars 2014, la F\u00e9d\u00e9ration Wallonie-Bruxelles octroyait enfin un matricule \u00e0 l\u2019implantation des Hayeffes du Coll\u00e8ge Saint-Etienne, lui permettant de fonctionner avec des moyens calcul\u00e9s sur les m\u00eames bases que celles des \u00e9coles voisines. L\u2019ann\u00e9e scolaire 2014-2015 fut donc celle du 20<sup>\u00e8me<\/sup> anniversaire des Hayeffes, o\u00f9 sont scolaris\u00e9s quelque 740 \u00e9l\u00e8ves, pour 650 sur le Campus Saint-Etienne, si\u00e8ge historique de notre Coll\u00e8ge.<\/p>\n<p style=\"text-align: left;\">En mars 2019, la d\u00e9nomination du Coll\u00e8ge Saint-Etienne des Hayeffes devient Coll\u00e8ge des Hayeffes, tandis que se poursuit le partenariat \u00e9troit et continu avec les \u00e9coles implant\u00e9es au si\u00e8ge social de l\u2019ASBL, le Coll\u00e8ge Saint-Etienne Secondaire et le Coll\u00e8ge Saint-Etienne Fondamental.<\/p>\n<p style=\"text-align: left;\">Aujourd\u2019hui, les 3 \u00e9coles de l\u2019ASBL scolarisent pr\u00e8s de 1600 \u00e9l\u00e8ves.<\/p>\n<p style=\"text-align: left;\"><strong>\u00a0<\/strong><\/p>\n<p style=\"text-align: left;\">Les festivit\u00e9s du 25<sup>\u00e8me<\/sup> anniversaire du Coll\u00e8ge des Hayeffes ont eu lieu en octobre 2019.<\/p>\n<hr \/>\n<p style=\"text-align: left; font-size: 10px;\"><sup>1<\/sup>\u00a0<em>1740 : Naissance de Jean Martin Moy\u00eb, fondateur de l\u2019Ordre des\u00a0S\u0153urs\u00a0de la Providence.<\/em><\/p>\n<p style=\"text-align: left; font-size: 10px;\"><sup>2<\/sup>\u00a0<em>Cette \u00e9cole fondamentale compte aujourd\u2019hui environ 300 \u00e9l\u00e8ves et \u00e9tait donc implant\u00e9e depuis 1914 dans la Rue du Village, juste en face de l\u2019\u00e9glise de Court-Saint-Etienne. En janvier 2016, elle a int\u00e9gr\u00e9 des nouveaux b\u00e2timents, sur le Campus Saint-Etienne, avenue des Prisonniers de Guerre, et pourra progressivement accueillir jusqu\u2019\u00e0 400 \u00e9l\u00e8ves.<\/em><\/p>\n<p>[\/vc_column_text]<div class=\"ult-spacer spacer-6a027e2e9b517\" data-id=\"6a027e2e9b517\" data-height=\"50\" data-height-mobile=\"50\" data-height-tab=\"50\" data-height-tab-portrait=\"\" data-height-mobile-landscape=\"\" style=\"clear:both;display:block;\"><\/div>[\/vc_column_inner][vc_column_inner width=\u00a0\u00bb1\/6&Prime;][\/vc_column_inner][\/vc_row_inner][\/vc_column][\/vc_row]<\/p>\n<\/div>","protected":false},"excerpt":{"rendered":"<p>[vc_row bg_type=\u00a0\u00bbimage\u00a0\u00bb parallax_style=\u00a0\u00bbvcpb-vz-jquery\u00a0\u00bb bg_image_new=\u00a0\u00bbid^332|url^https:\/\/cste.be\/msg\/new\/wp-content\/uploads\/2021\/05\/open-book-1428428_1920.jpg|caption^null|alt^null|title^open-book-1428428_1920|description^null\u00a0\u00bb bg_image_repeat=\u00a0\u00bbno-repeat\u00a0\u00bb bg_override=\u00a0\u00bbbrowser_size\u00a0\u00bb css=\u00a0\u00bb.vc_custom_1622449136421{background-color: rgba(255,255,255,0.75) !important;*background-color: rgb(255,255,255) !important;}\u00a0\u00bb][vc_column][vc_empty_space height=\u00a0\u00bb50px\u00a0\u00bb][vc_custom_heading text=\u00a0\u00bbPr\u00e9sentation et bref historique du Coll\u00e8ge des Hayeffes\u00a0\u00bb font_container=\u00a0\u00bbtag:h2|font_size:24px|text_align:center\u00a0\u00bb use_theme_fonts=\u00a0\u00bbyes\u00a0\u00bb css=\u00a0\u00bb.vc_custom_1622443635190{margin-bottom: 25px !important;}\u00a0\u00bb][vc_custom_heading text=\u00a0\u00bbBy T. Jadin\u00a0\u00bb font_container=\u00a0\u00bbtag:h3|font_size:16px|text_align:center\u00a0\u00bb use_theme_fonts=\u00a0\u00bbyes\u00a0\u00bb css=\u00a0\u00bb.vc_custom_1629807026226{margin-bottom: 25px !important;}\u00a0\u00bb][vc_single_image image=\u00a0\u00bb293&Prime; img_size=\u00a0\u00bbfull\u00a0\u00bb alignment=\u00a0\u00bbcenter\u00a0\u00bb css_animation=\u00a0\u00bbtop-to-bottom\u00a0\u00bb][vc_row_inner css=\u00a0\u00bb.vc_custom_1622447720723{margin-top: 50px !important;background-position: 0 0 !important;background-repeat: no-repeat !important;}\u00a0\u00bb][vc_column_inner width=\u00a0\u00bb1\/6&Prime;][\/vc_column_inner][vc_column_inner width=\u00a0\u00bb2\/3&Prime;][vc_column_text] Le Coll\u00e8ge des Hayeffes, une des trois \u00e9coles [&hellip;]<\/p>\n","protected":false},"author":1,"featured_media":0,"parent":0,"menu_order":31,"comment_status":"closed","ping_status":"closed","template":"page.php","meta":{"ngg_post_thumbnail":0,"footnotes":""},"class_list":["post-527","page","type-page","status-publish","hentry"],"_links":{"self":[{"href":"https:\/\/cste.be\/msg\/wp-json\/wp\/v2\/pages\/527","targetHints":{"allow":["GET"]}}],"collection":[{"href":"https:\/\/cste.be\/msg\/wp-json\/wp\/v2\/pages"}],"about":[{"href":"https:\/\/cste.be\/msg\/wp-json\/wp\/v2\/types\/page"}],"author":[{"embeddable":true,"href":"https:\/\/cste.be\/msg\/wp-json\/wp\/v2\/users\/1"}],"replies":[{"embeddable":true,"href":"https:\/\/cste.be\/msg\/wp-json\/wp\/v2\/comments?post=527"}],"version-history":[{"count":4,"href":"https:\/\/cste.be\/msg\/wp-json\/wp\/v2\/pages\/527\/revisions"}],"predecessor-version":[{"id":596,"href":"https:\/\/cste.be\/msg\/wp-json\/wp\/v2\/pages\/527\/revisions\/596"}],"wp:attachment":[{"href":"https:\/\/cste.be\/msg\/wp-json\/wp\/v2\/media?parent=527"}],"curies":[{"name":"wp","href":"https:\/\/api.w.org\/{rel}","templated":true}]}}