{"id":3736,"date":"2026-04-17T09:09:31","date_gmt":"2026-04-17T07:09:31","guid":{"rendered":"https:\/\/cste.be\/msg\/?post_type=product&#038;p=3736"},"modified":"2026-04-17T09:29:05","modified_gmt":"2026-04-17T07:29:05","slug":"limmeuble","status":"publish","type":"product","link":"https:\/\/cste.be\/msg\/product\/limmeuble\/","title":{"rendered":"L&rsquo;immeuble"},"content":{"rendered":"<p>Pr\u00e9ventes pour le spectacle des Artistiques \u00ab\u00a0L&rsquo;IMMEUBLE\u00a0\u00bb du jeudi 28 et vendredi 29 mai 2026<\/p>\n<p>Lieu : Chapelle du Coll\u00e8ge des Hayeffes &#8211; rue des Hayeffes 35 &#8211; 1435 Mont-Saint-Guibert<\/p>\n<p>Ouverture des portes : 19h30<\/p>\n<p>D\u00e9but de la repr\u00e9sentation : 20h00<\/p>\n","protected":false},"excerpt":{"rendered":"<p>Pr\u00e9ventes pour le spectacle des Artistiques \u00ab\u00a0L&rsquo;IMMEUBLE\u00a0\u00bb du jeudi 28 et vendredi 29 mai 2026 Lieu : Chapelle du Coll\u00e8ge des Hayeffes &#8211; rue des Hayeffes 35 &#8211; 1435 Mont-Saint-Guibert Ouverture des portes : 19h30 D\u00e9but de la repr\u00e9sentation : 20h00<\/p>\n","protected":false},"featured_media":3739,"template":"","meta":{"ngg_post_thumbnail":0},"product_brand":[],"product_cat":[26],"product_tag":[],"class_list":{"0":"post-3736","1":"product","2":"type-product","3":"status-publish","4":"has-post-thumbnail","6":"product_cat-spectacle","7":"tm-no-options","9":"first","10":"instock","11":"shipping-taxable","12":"purchasable","13":"product-type-variable"},"_links":{"self":[{"href":"https:\/\/cste.be\/msg\/wp-json\/wp\/v2\/product\/3736","targetHints":{"allow":["GET"]}}],"collection":[{"href":"https:\/\/cste.be\/msg\/wp-json\/wp\/v2\/product"}],"about":[{"href":"https:\/\/cste.be\/msg\/wp-json\/wp\/v2\/types\/product"}],"wp:featuredmedia":[{"embeddable":true,"href":"https:\/\/cste.be\/msg\/wp-json\/wp\/v2\/media\/3739"}],"wp:attachment":[{"href":"https:\/\/cste.be\/msg\/wp-json\/wp\/v2\/media?parent=3736"}],"wp:term":[{"taxonomy":"product_brand","embeddable":true,"href":"https:\/\/cste.be\/msg\/wp-json\/wp\/v2\/product_brand?post=3736"},{"taxonomy":"product_cat","embeddable":true,"href":"https:\/\/cste.be\/msg\/wp-json\/wp\/v2\/product_cat?post=3736"},{"taxonomy":"product_tag","embeddable":true,"href":"https:\/\/cste.be\/msg\/wp-json\/wp\/v2\/product_tag?post=3736"}],"curies":[{"name":"wp","href":"https:\/\/api.w.org\/{rel}","templated":true}]}}